{"id":180,"date":"2017-01-07T11:49:07","date_gmt":"2017-01-07T10:49:07","guid":{"rendered":"http:\/\/tarnavva.nazwa.pl\/tarnavva\/?page_id=180"},"modified":"2017-03-09T12:03:33","modified_gmt":"2017-03-09T11:03:33","slug":"formowalne","status":"publish","type":"page","link":"http:\/\/monolity.pl\/sk\/produkty\/formowalne\/","title":{"rendered":"Mrie\u017eky"},"content":{"rendered":"<p>Pri realiz\u00e1cii na\u0161ich snov sa \u010dasto st\u00e1va, \u017ee forma budovy n\u00e1s n\u00fati k\u00a0pou\u017eitiu netypick\u00fdch elementov.<\/p>\n<p>Preto V\u00e1m navrhujeme element, ktor\u00fd na\u0161a firma patentovala, tvarovate\u013en\u00fa mrie\u017eku umo\u017e\u0148uj\u00facu prisp\u00f4sobi\u0165 sa ku ka\u017ed\u00e9mu tvaru krbu obsahuj\u00faceho obl\u00faky, polkruhy i\u00a0zaokr\u00fahlenia \u2013 umo\u017e\u0148uj\u00facu tvarovanie v\u00a0s\u00falade s\u00a0po\u017eiadavkami projektu krbu.<br \/>\nT\u00e1to mrie\u017eka je dostupn\u00e1 v\u00a0r\u00f4znych verzi\u00e1ch farieb i\u00a0rozmerov.<\/p>\n<p><img loading=\"lazy\" width=\"750\" height=\"192\" class=\"aligncenter size-full wp-image-181\" style=\"width: 95%;\" src=\"http:\/\/tarnavva.nazwa.pl\/tarnavva\/wp-content\/uploads\/2017\/01\/kratki.jpg\" alt=\"kratki\" srcset=\"http:\/\/monolity.pl\/wp-content\/uploads\/2017\/01\/kratki.jpg 750w, http:\/\/monolity.pl\/wp-content\/uploads\/2017\/01\/kratki-300x77.jpg 300w\" sizes=\"(max-width: 750px) 100vw, 750px\" \/><\/p>\n<p><strong>Diamant &#8211; 105 mm x 170 mm<\/strong><\/p>\n<hr \/>\n<p><img loading=\"lazy\" class=\"alignleft size-full wp-image-182\" src=\"http:\/\/tarnavva.nazwa.pl\/tarnavva\/wp-content\/uploads\/2017\/01\/105x170-biala.jpg\" alt=\"biala\" width=\"170\" height=\"105\" \/><\/p>\n<p>biela \/ \u010dierna<\/p>\n<hr style=\"clear: both;\" \/>\n<p><img loading=\"lazy\" class=\"alignleft size-full wp-image-183\" src=\"http:\/\/tarnavva.nazwa.pl\/tarnavva\/wp-content\/uploads\/2017\/01\/105x170-crni.jpg\" alt=\"crni\" width=\"170\" height=\"105\" \/><\/p>\n<p>antick\u00e9 zlato \/ antick\u00e9 striebro \/ me\u010f<\/p>\n<hr style=\"clear: both;\" \/>\n<p><img loading=\"lazy\" class=\"alignleft size-full wp-image-184\" src=\"http:\/\/tarnavva.nazwa.pl\/tarnavva\/wp-content\/uploads\/2017\/01\/105x170-srebro.jpg\" alt=\"srebro\" width=\"170\" height=\"105\" \/><\/p>\n<p>chr\u00f3m niklov\u00e1<\/p>\n<hr style=\"clear: both;\" \/>\n<p><strong>Diamant\u00a0&#8211; 105 mm x 425 mm<\/strong><\/p>\n<hr \/>\n<p><img loading=\"lazy\" class=\"alignleft size-full wp-image-186\" src=\"http:\/\/tarnavva.nazwa.pl\/tarnavva\/wp-content\/uploads\/2017\/01\/105x425-biala.jpg\" alt=\"biala\" width=\"425\" height=\"105\" \/><\/p>\n<p>biela \/ \u010dierna<\/p>\n<hr style=\"clear: both;\" \/>\n<p><img loading=\"lazy\" class=\"alignleft size-full wp-image-187\" src=\"http:\/\/tarnavva.nazwa.pl\/tarnavva\/wp-content\/uploads\/2017\/01\/105x425-crni.jpg\" alt=\"crni\" width=\"425\" height=\"105\" \/><\/p>\n<p>antick\u00e9 zlato \/ antick\u00e9 striebro \/ me\u010f<\/p>\n<hr style=\"clear: both;\" \/>\n<p><img loading=\"lazy\" class=\"alignleft size-full wp-image-188\" src=\"http:\/\/tarnavva.nazwa.pl\/tarnavva\/wp-content\/uploads\/2017\/01\/105x425-srebro.jpg\" alt=\"srebro\" width=\"425\" height=\"105\" \/><\/p>\n<p>chr\u00f3m niklov\u00e1<\/p>\n<hr style=\"clear: both;\" \/>\n<p><strong>Diamant\u00a0&#8211; 160 mm x 170 mm<\/strong><\/p>\n<hr \/>\n<p><img loading=\"lazy\" class=\"alignleft size-full wp-image-182\" src=\"http:\/\/tarnavva.nazwa.pl\/tarnavva\/wp-content\/uploads\/2017\/01\/105x170-biala.jpg\" alt=\"biala\" width=\"170\" height=\"160\" \/><\/p>\n<p>biela \/ \u010dierna<\/p>\n<hr style=\"clear: both;\" \/>\n<p><img loading=\"lazy\" class=\"alignleft size-full wp-image-183\" src=\"http:\/\/tarnavva.nazwa.pl\/tarnavva\/wp-content\/uploads\/2017\/01\/105x170-crni.jpg\" alt=\"crni\" width=\"170\" height=\"160\" \/><\/p>\n<p>antick\u00e9 zlato \/ antick\u00e9 striebro \/ me\u010f<\/p>\n<hr style=\"clear: both;\" \/>\n<p><img loading=\"lazy\" class=\"alignleft size-full wp-image-184\" src=\"http:\/\/tarnavva.nazwa.pl\/tarnavva\/wp-content\/uploads\/2017\/01\/105x170-srebro.jpg\" alt=\"srebro\" width=\"170\" height=\"160\" \/><\/p>\n<p>chr\u00f3m niklov\u00e1<\/p>\n<hr style=\"clear: both;\" \/>\n<p><strong>Diamant\u00a0&#8211; 160 mm x 315 mm<\/strong><\/p>\n<hr \/>\n<p><img loading=\"lazy\" class=\"alignleft size-full wp-image-186\" src=\"http:\/\/tarnavva.nazwa.pl\/tarnavva\/wp-content\/uploads\/2017\/01\/105x425-biala.jpg\" alt=\"biala\" width=\"315\" height=\"160\" \/><\/p>\n<p>biela \/ \u010dierna<\/p>\n<hr style=\"clear: both;\" \/>\n<p><img loading=\"lazy\" class=\"alignleft size-full wp-image-187\" src=\"http:\/\/tarnavva.nazwa.pl\/tarnavva\/wp-content\/uploads\/2017\/01\/105x425-crni.jpg\" alt=\"crni\" width=\"315\" height=\"160\" \/><\/p>\n<p>antick\u00e9 zlato \/ antick\u00e9 striebro \/ me\u010f<\/p>\n<hr style=\"clear: both;\" \/>\n<p><img loading=\"lazy\" class=\"alignleft size-full wp-image-188\" src=\"http:\/\/tarnavva.nazwa.pl\/tarnavva\/wp-content\/uploads\/2017\/01\/105x425-srebro.jpg\" alt=\"srebro\" width=\"315\" height=\"160\" \/><\/p>\n<p>chr\u00f3m niklov\u00e1<\/p>\n<hr style=\"clear: both;\" \/>\n<p><strong>Diamant\u00a0&#8211; 160 mm x 506 mm<\/strong><\/p>\n<hr \/>\n<p><img loading=\"lazy\" class=\"alignleft size-full wp-image-186\" src=\"http:\/\/tarnavva.nazwa.pl\/tarnavva\/wp-content\/uploads\/2017\/01\/105x425-biala.jpg\" alt=\"biala\" width=\"506\" height=\"160\" \/><\/p>\n<p>biela \/ \u010dierna<\/p>\n<hr style=\"clear: both;\" \/>\n<p><img loading=\"lazy\" class=\"alignleft size-full wp-image-187\" src=\"http:\/\/tarnavva.nazwa.pl\/tarnavva\/wp-content\/uploads\/2017\/01\/105x425-crni.jpg\" alt=\"crni\" width=\"506\" height=\"160\" \/><\/p>\n<p>antick\u00e9 zlato \/ antick\u00e9 striebro \/ me\u010f<\/p>\n<hr style=\"clear: both;\" \/>\n<p><img loading=\"lazy\" class=\"alignleft size-full wp-image-188\" src=\"http:\/\/tarnavva.nazwa.pl\/tarnavva\/wp-content\/uploads\/2017\/01\/105x425-srebro.jpg\" alt=\"srebro\" width=\"506\" height=\"160\" \/><\/p>\n<p>chr\u00f3m niklov\u00e1<\/p>\n<hr style=\"clear: both;\" \/>\n<p style=\"text-align: center;\">Wszystkie rozmiary oraz kolory przedstawione s\u0105 w cenniku do pobrania w dziale <a> CENNIKI <\/a><\/p>\n<p><img loading=\"lazy\" width=\"800\" height=\"533\" class=\"aligncenter size-full wp-image-194\" style=\"width: 95%;\" src=\"http:\/\/tarnavva.nazwa.pl\/tarnavva\/wp-content\/uploads\/2017\/01\/15.jpg\" alt=\"15\" srcset=\"http:\/\/monolity.pl\/wp-content\/uploads\/2017\/01\/15.jpg 800w, http:\/\/monolity.pl\/wp-content\/uploads\/2017\/01\/15-300x200.jpg 300w, http:\/\/monolity.pl\/wp-content\/uploads\/2017\/01\/15-768x512.jpg 768w\" sizes=\"(max-width: 800px) 100vw, 800px\" \/><\/p>","protected":false},"excerpt":{"rendered":"<p>Pri realiz\u00e1cii na\u0161ich snov sa \u010dasto st\u00e1va, \u017ee forma budovy n\u00e1s n\u00fati k\u00a0pou\u017eitiu netypick\u00fdch elementov. Preto V\u00e1m navrhujeme element, ktor\u00fd na\u0161a firma patentovala, tvarovate\u013en\u00fa mrie\u017eku umo\u017e\u0148uj\u00facu prisp\u00f4sobi\u0165 sa ku ka\u017ed\u00e9mu tvaru krbu obsahuj\u00faceho obl\u00faky, polkruhy i\u00a0zaokr\u00fahlenia \u2013 umo\u017e\u0148uj\u00facu tvarovanie v\u00a0s\u00falade s\u00a0po\u017eiadavkami projektu krbu. T\u00e1to mrie\u017eka je dostupn\u00e1 v\u00a0r\u00f4znych verzi\u00e1ch farieb i\u00a0rozmerov. Diamant &#8211; 105 mm [&hellip;]<\/p>\n","protected":false},"author":1,"featured_media":0,"parent":42,"menu_order":0,"comment_status":"closed","ping_status":"closed","template":"","meta":[],"_links":{"self":[{"href":"http:\/\/monolity.pl\/sk\/wp-json\/wp\/v2\/pages\/180"}],"collection":[{"href":"http:\/\/monolity.pl\/sk\/wp-json\/wp\/v2\/pages"}],"about":[{"href":"http:\/\/monolity.pl\/sk\/wp-json\/wp\/v2\/types\/page"}],"author":[{"embeddable":true,"href":"http:\/\/monolity.pl\/sk\/wp-json\/wp\/v2\/users\/1"}],"replies":[{"embeddable":true,"href":"http:\/\/monolity.pl\/sk\/wp-json\/wp\/v2\/comments?post=180"}],"version-history":[{"count":26,"href":"http:\/\/monolity.pl\/sk\/wp-json\/wp\/v2\/pages\/180\/revisions"}],"predecessor-version":[{"id":1076,"href":"http:\/\/monolity.pl\/sk\/wp-json\/wp\/v2\/pages\/180\/revisions\/1076"}],"up":[{"embeddable":true,"href":"http:\/\/monolity.pl\/sk\/wp-json\/wp\/v2\/pages\/42"}],"wp:attachment":[{"href":"http:\/\/monolity.pl\/sk\/wp-json\/wp\/v2\/media?parent=180"}],"curies":[{"name":"wp","href":"https:\/\/api.w.org\/{rel}","templated":true}]}}