{"id":200,"date":"2017-01-07T12:18:20","date_gmt":"2017-01-07T11:18:20","guid":{"rendered":"http:\/\/tarnavva.nazwa.pl\/tarnavva\/?page_id=200"},"modified":"2017-03-09T13:37:46","modified_gmt":"2017-03-09T12:37:46","slug":"zeliwne","status":"publish","type":"page","link":"http:\/\/monolity.pl\/sk\/produkty\/zeliwne\/","title":{"rendered":"Liatinov\u00e9"},"content":{"rendered":"<p>Liatinov\u00e9 mrie\u017eky s\u00fa ponukou, ktor\u00e1 dopl\u0148uje paletu na\u0161ich v\u00fdrobkov\u00a0 z\u00a0tohto materi\u00e1lu. Maj\u00fa mimoriadne origin\u00e1lny vzh\u013ead i\u00a0tvar a\u00a0nepochybne bud\u00fa detailom, ktor\u00fd ka\u017ed\u00e9mu krbu prid\u00e1 elegantn\u00fd vzh\u013ead.<\/p>\n<div class=\"no-border\">\n<p><img loading=\"lazy\" class=\"alignnone size-full wp-image-438\" src=\"http:\/\/tarnavva.nazwa.pl\/tarnavva\/wp-content\/uploads\/2017\/01\/karo_100x50.jpg\" alt=\"\" width=\"70\" height=\"44\" \/><\/p>\n<table>\n<tbody>\n<tr>\n<td><strong>Diamant<\/strong><\/td>\n<\/tr>\n<\/tbody>\n<\/table>\n<table>\n<tbody>\n<tr>\n<td>\u0160\u00edrka 100 mm<\/td>\n<\/tr>\n<tr>\n<td>V\u00fd\u0161ka 50 mm<\/td>\n<\/tr>\n<tr>\n<td>Hmotnos\u0165 0,5 kg<\/td>\n<\/tr>\n<\/tbody>\n<\/table>\n<p>&nbsp;<\/p>\n<p><img loading=\"lazy\" class=\"alignnone size-full wp-image-439\" src=\"http:\/\/tarnavva.nazwa.pl\/tarnavva\/wp-content\/uploads\/2017\/01\/karo_120x120.jpg\" alt=\"\" width=\"81\" height=\"81\" \/><\/p>\n<table>\n<tbody>\n<tr>\n<td><strong>Diamant<\/strong><\/td>\n<\/tr>\n<\/tbody>\n<\/table>\n<table>\n<tbody>\n<tr>\n<td>\u0160\u00edrka 120 mm<\/td>\n<\/tr>\n<tr>\n<td>V\u00fd\u0161ka 120 mm<\/td>\n<\/tr>\n<tr>\n<td>Hmotnos\u0165 0,7 kg<\/td>\n<\/tr>\n<\/tbody>\n<\/table>\n<p>&nbsp;<\/p>\n<p><img loading=\"lazy\" class=\"alignnone size-full wp-image-440\" src=\"http:\/\/tarnavva.nazwa.pl\/tarnavva\/wp-content\/uploads\/2017\/01\/karo_255x75.jpg\" alt=\"\" width=\"151\" height=\"56\" srcset=\"http:\/\/monolity.pl\/wp-content\/uploads\/2017\/01\/karo_255x75.jpg 151w, http:\/\/monolity.pl\/wp-content\/uploads\/2017\/01\/karo_255x75-150x56.jpg 150w\" sizes=\"(max-width: 151px) 100vw, 151px\" \/><\/p>\n<table>\n<tbody>\n<tr>\n<td><strong>Diamant<\/strong><\/td>\n<\/tr>\n<\/tbody>\n<\/table>\n<table>\n<tbody>\n<tr>\n<td>\u0160\u00edrka 275 mm<\/td>\n<\/tr>\n<tr>\n<td>V\u00fd\u0161ka 75 mm<\/td>\n<\/tr>\n<tr>\n<td>Hmotnos\u0165 0,7 kg<\/td>\n<\/tr>\n<\/tbody>\n<\/table>\n<p>&nbsp;<\/p>\n<p><img loading=\"lazy\" class=\"alignnone size-full wp-image-441\" src=\"http:\/\/tarnavva.nazwa.pl\/tarnavva\/wp-content\/uploads\/2017\/01\/karo_255x120.jpg\" alt=\"\" width=\"152\" height=\"82\" srcset=\"http:\/\/monolity.pl\/wp-content\/uploads\/2017\/01\/karo_255x120.jpg 152w, http:\/\/monolity.pl\/wp-content\/uploads\/2017\/01\/karo_255x120-150x82.jpg 150w\" sizes=\"(max-width: 152px) 100vw, 152px\" \/><\/p>\n<table>\n<tbody>\n<tr>\n<td><strong>Diamant<\/strong><\/td>\n<\/tr>\n<\/tbody>\n<\/table>\n<table border=\"0\" rules=\"rows\" cellspacing=\"0\" cellpadding=\"3\" align=\"center\">\n<tbody>\n<tr>\n<td>\u0160\u00edrka 255 mm<\/td>\n<\/tr>\n<tr>\n<td>V\u00fd\u0161ka 120 mm<\/td>\n<\/tr>\n<tr>\n<td>Hmotnos\u0165 1 kg<\/td>\n<\/tr>\n<\/tbody>\n<\/table>\n<p>&nbsp;<\/p>\n<p><img loading=\"lazy\" class=\"alignnone size-full wp-image-442\" src=\"http:\/\/tarnavva.nazwa.pl\/tarnavva\/wp-content\/uploads\/2017\/01\/karo_315x160.jpg\" alt=\"\" width=\"172\" height=\"91\" \/><\/p>\n<table>\n<tbody>\n<tr>\n<td><strong>Diamant<\/strong><\/td>\n<\/tr>\n<\/tbody>\n<\/table>\n<table border=\"0\" rules=\"rows\" cellspacing=\"0\" cellpadding=\"3\" align=\"center\">\n<tbody>\n<tr>\n<td>\u0160\u00edrka 315 mm<\/td>\n<\/tr>\n<tr>\n<td>V\u00fd\u0161ka 160 mm<\/td>\n<\/tr>\n<tr>\n<td>Hmotnos\u0165 3 kg<\/td>\n<\/tr>\n<\/tbody>\n<\/table>\n<p>&nbsp;<\/p>\n<p><img loading=\"lazy\" class=\"alignnone size-full wp-image-443\" src=\"http:\/\/tarnavva.nazwa.pl\/tarnavva\/wp-content\/uploads\/2017\/01\/kratka_kom_polokragla_slonce_I.jpg\" alt=\"\" width=\"150\" height=\"125\" \/><\/p>\n<table>\n<tbody>\n<tr>\n<td><strong>Polkruhova Slnko<\/strong><\/td>\n<\/tr>\n<\/tbody>\n<\/table>\n<table>\n<tbody>\n<tr>\n<td>\u0160\u00edrka 220 mm<\/td>\n<\/tr>\n<tr>\n<td>V\u00fd\u0161ka 195 mm<\/td>\n<\/tr>\n<tr>\n<td>Hmotnos\u0165 2,8 kg<\/td>\n<\/tr>\n<\/tbody>\n<\/table>\n<p>&nbsp;<\/p>\n<p><img loading=\"lazy\" class=\"alignnone size-full wp-image-444\" src=\"http:\/\/tarnavva.nazwa.pl\/tarnavva\/wp-content\/uploads\/2017\/01\/kratka_kom_polokragla_slonce_II.jpg\" alt=\"\" width=\"150\" height=\"125\" \/><\/p>\n<table>\n<tbody>\n<tr>\n<td><strong>Polkruhova Mars<\/strong><\/td>\n<\/tr>\n<\/tbody>\n<\/table>\n<table>\n<tbody>\n<tr>\n<td>\u0160\u00edrka 220 mm<\/td>\n<\/tr>\n<tr>\n<td>V\u00fd\u0161ka 195 mm<\/td>\n<\/tr>\n<tr>\n<td>Hmotnos\u0165 2,8 kg<\/td>\n<\/tr>\n<\/tbody>\n<\/table>\n<p>&nbsp;<\/p>\n<p><img loading=\"lazy\" class=\"alignnone size-full wp-image-445\" src=\"http:\/\/tarnavva.nazwa.pl\/tarnavva\/wp-content\/uploads\/2017\/01\/kratka-venus.jpg\" alt=\"\" width=\"150\" height=\"125\" \/><\/p>\n<table>\n<tbody>\n<tr>\n<td><strong>Polkruhova Venu\u0161a<\/strong><\/td>\n<\/tr>\n<\/tbody>\n<\/table>\n<table>\n<tbody>\n<tr>\n<td>\u0160\u00edrka220 mm<\/td>\n<\/tr>\n<tr>\n<td>V\u00fd\u0161ka 195 mm<\/td>\n<\/tr>\n<tr>\n<td>Hmotnos\u0165 2,8 kg<\/td>\n<\/tr>\n<\/tbody>\n<\/table>\n<p>&nbsp;<\/p>\n<p><img loading=\"lazy\" class=\"alignnone size-full wp-image-446\" src=\"http:\/\/tarnavva.nazwa.pl\/tarnavva\/wp-content\/uploads\/2017\/01\/karo_round.jpg\" alt=\"\" width=\"186\" height=\"143\" \/><\/p>\n<table>\n<tbody>\n<tr>\n<td><strong>Polkruhova Diamant<\/strong><\/td>\n<\/tr>\n<\/tbody>\n<\/table>\n<table>\n<tbody>\n<tr>\n<td>\u0160\u00edrka 315 mm<\/td>\n<\/tr>\n<tr>\n<td>V\u00fd\u0161ka 160 mm<\/td>\n<\/tr>\n<tr>\n<td>Hmotnos\u0165 3,8 kg<\/td>\n<\/tr>\n<\/tbody>\n<\/table>\n<\/div>\n<p><\/p>","protected":false},"excerpt":{"rendered":"<p>Liatinov\u00e9 mrie\u017eky s\u00fa ponukou, ktor\u00e1 dopl\u0148uje paletu na\u0161ich v\u00fdrobkov\u00a0 z\u00a0tohto materi\u00e1lu. Maj\u00fa mimoriadne origin\u00e1lny vzh\u013ead i\u00a0tvar a\u00a0nepochybne bud\u00fa detailom, ktor\u00fd ka\u017ed\u00e9mu krbu prid\u00e1 elegantn\u00fd vzh\u013ead. Diamant \u0160\u00edrka 100 mm V\u00fd\u0161ka 50 mm Hmotnos\u0165 0,5 kg &nbsp; Diamant \u0160\u00edrka 120 mm V\u00fd\u0161ka 120 mm Hmotnos\u0165 0,7 kg &nbsp; Diamant \u0160\u00edrka 275 mm V\u00fd\u0161ka 75 mm Hmotnos\u0165 [&hellip;]<\/p>\n","protected":false},"author":1,"featured_media":0,"parent":42,"menu_order":0,"comment_status":"closed","ping_status":"closed","template":"","meta":[],"_links":{"self":[{"href":"http:\/\/monolity.pl\/sk\/wp-json\/wp\/v2\/pages\/200"}],"collection":[{"href":"http:\/\/monolity.pl\/sk\/wp-json\/wp\/v2\/pages"}],"about":[{"href":"http:\/\/monolity.pl\/sk\/wp-json\/wp\/v2\/types\/page"}],"author":[{"embeddable":true,"href":"http:\/\/monolity.pl\/sk\/wp-json\/wp\/v2\/users\/1"}],"replies":[{"embeddable":true,"href":"http:\/\/monolity.pl\/sk\/wp-json\/wp\/v2\/comments?post=200"}],"version-history":[{"count":12,"href":"http:\/\/monolity.pl\/sk\/wp-json\/wp\/v2\/pages\/200\/revisions"}],"predecessor-version":[{"id":1093,"href":"http:\/\/monolity.pl\/sk\/wp-json\/wp\/v2\/pages\/200\/revisions\/1093"}],"up":[{"embeddable":true,"href":"http:\/\/monolity.pl\/sk\/wp-json\/wp\/v2\/pages\/42"}],"wp:attachment":[{"href":"http:\/\/monolity.pl\/sk\/wp-json\/wp\/v2\/media?parent=200"}],"curies":[{"name":"wp","href":"https:\/\/api.w.org\/{rel}","templated":true}]}}