{"id":21,"date":"2016-12-31T11:52:30","date_gmt":"2016-12-31T10:52:30","guid":{"rendered":"http:\/\/tarnavva.nazwa.pl\/tarnavva\/?page_id=21"},"modified":"2017-02-17T08:52:35","modified_gmt":"2017-02-17T07:52:35","slug":"firma","status":"publish","type":"page","link":"http:\/\/monolity.pl\/sk\/firma\/","title":{"rendered":"Spolo\u010dnosti"},"content":{"rendered":"<p>Sme kolekt\u00edv mlad\u00fdch a\u00a0ambici\u00f3znych \u013eud\u00ed, ktor\u00ed zdvojn\u00e1sobuj\u00fa svoju snahu, aby vnies\u0165 svie\u017ei, harmonick\u00fd z\u00e1van inov\u00e1ci\u00ed do v\u00fdrobku ak\u00fdm je celoliata liatinov\u00e1 krbov\u00e1 vlo\u017eka. Sna\u017e\u00edme sa aby na\u0161a firma upevnila svoje miesto medzi po\u013esk\u00fdmi v\u00fdrobcami, a\u00a0na\u0161e v\u00fdrobky smerujeme nielen k\u00a0dom\u00e1cim z\u00e1kazn\u00edkom, ale aj na eur\u00f3pske a\u00a0v\u00fdchodn\u00e9 trhy. Sme entuziastmi krbov, n\u00e1\u0161 optimizmus sa opiera na tom, \u017ee sa neuspokojujeme jedn\u00fdm \u00faspechom, absol\u00fatne ho neprece\u0148ujeme, preto\u017ee si uvedomujeme r\u00fdchlos\u0165 s\u00a0akou dnes inov\u00e1cie vch\u00e1dzaj\u00fa do ka\u017edodenn\u00e9ho \u017eivota, sna\u017e\u00edme sa, aby i na\u0161e v\u00fdrobky boli v\u00a0plnom v\u00fdzname tohto slova<br \/>\ninova\u010dn\u00e9.<\/p>\n<p> &#8230; s nami teplej\u0161ie<\/p>\n<p><img loading=\"lazy\" width=\"790\" height=\"390\" src=\"http:\/\/tarnavva.nazwa.pl\/tarnavva\/wp-content\/uploads\/2016\/12\/tarn_17.jpg\" alt=\"tarn_17\" style=\"width:95%;\" class=\"aligncenter size-full wp-image-176\" srcset=\"http:\/\/monolity.pl\/wp-content\/uploads\/2016\/12\/tarn_17.jpg 790w, http:\/\/monolity.pl\/wp-content\/uploads\/2016\/12\/tarn_17-300x148.jpg 300w, http:\/\/monolity.pl\/wp-content\/uploads\/2016\/12\/tarn_17-768x379.jpg 768w\" sizes=\"(max-width: 790px) 100vw, 790px\" \/><\/p>","protected":false},"excerpt":{"rendered":"<p>Sme kolekt\u00edv mlad\u00fdch a\u00a0ambici\u00f3znych \u013eud\u00ed, ktor\u00ed zdvojn\u00e1sobuj\u00fa svoju snahu, aby vnies\u0165 svie\u017ei, harmonick\u00fd z\u00e1van inov\u00e1ci\u00ed do v\u00fdrobku ak\u00fdm je celoliata liatinov\u00e1 krbov\u00e1 vlo\u017eka. Sna\u017e\u00edme sa aby na\u0161a firma upevnila svoje miesto medzi po\u013esk\u00fdmi v\u00fdrobcami, a\u00a0na\u0161e v\u00fdrobky smerujeme nielen k\u00a0dom\u00e1cim z\u00e1kazn\u00edkom, ale aj na eur\u00f3pske a\u00a0v\u00fdchodn\u00e9 trhy. Sme entuziastmi krbov, n\u00e1\u0161 optimizmus sa opiera na tom, [&hellip;]<\/p>\n","protected":false},"author":1,"featured_media":0,"parent":0,"menu_order":0,"comment_status":"closed","ping_status":"closed","template":"","meta":[],"_links":{"self":[{"href":"http:\/\/monolity.pl\/sk\/wp-json\/wp\/v2\/pages\/21"}],"collection":[{"href":"http:\/\/monolity.pl\/sk\/wp-json\/wp\/v2\/pages"}],"about":[{"href":"http:\/\/monolity.pl\/sk\/wp-json\/wp\/v2\/types\/page"}],"author":[{"embeddable":true,"href":"http:\/\/monolity.pl\/sk\/wp-json\/wp\/v2\/users\/1"}],"replies":[{"embeddable":true,"href":"http:\/\/monolity.pl\/sk\/wp-json\/wp\/v2\/comments?post=21"}],"version-history":[{"count":12,"href":"http:\/\/monolity.pl\/sk\/wp-json\/wp\/v2\/pages\/21\/revisions"}],"predecessor-version":[{"id":671,"href":"http:\/\/monolity.pl\/sk\/wp-json\/wp\/v2\/pages\/21\/revisions\/671"}],"wp:attachment":[{"href":"http:\/\/monolity.pl\/sk\/wp-json\/wp\/v2\/media?parent=21"}],"curies":[{"name":"wp","href":"https:\/\/api.w.org\/{rel}","templated":true}]}}