{"id":210,"date":"2017-01-07T12:28:24","date_gmt":"2017-01-07T11:28:24","guid":{"rendered":"http:\/\/tarnavva.nazwa.pl\/tarnavva\/?page_id=210"},"modified":"2017-03-09T12:08:44","modified_gmt":"2017-03-09T11:08:44","slug":"ramy-wykonczeniowe","status":"publish","type":"page","link":"http:\/\/monolity.pl\/sk\/produkty\/ramy-wykonczeniowe\/","title":{"rendered":"R\u00e1my"},"content":{"rendered":"<p>Navrhujeme\u00a0 V\u00e1m mimoriadne modern\u00fd detail do na\u0161ich krbov\u00fdch vlo\u017eiek, a to ozdobn\u00fa r\u00e1mov\u00fa kon\u0161trukciu. M\u00e1me r\u00e1mov\u00e9 kon\u0161trukcie do v\u0161etk\u00fdch vkladov v\u00a0\u0161tyroch r\u00f4znych farb\u00e1ch: u\u0161\u013eachtil\u00e1 oce\u013e le\u0161ten\u00e1, u\u0161\u013eachtil\u00e1 oce\u013e br\u00fasen\u00e1, \u010dierna a\u00a0grafitov\u00e1.<br \/>\nR\u00e1mov\u00e9 kon\u0161trukcie maj\u00fa syst\u00e9m u\u013eah\u010duj\u00faci praktick\u00fa a\u00a0r\u00fdchlu mont\u00e1\u017e a\u00a0krbu prid\u00e1va mimoriadne origin\u00e1lny vzh\u013ead.<\/p>\n<h2 class=\"red-header\">R\u00e1mec pre konvexn\u00e9<\/h2>\n<p class=\"left-paragraph\">\u010dierna<\/p>\n<p><img loading=\"lazy\" class=\"alignnone size-full wp-image-211\" src=\"http:\/\/tarnavva.nazwa.pl\/tarnavva\/wp-content\/uploads\/2017\/01\/rozeta-czarna.jpg\" alt=\"czarna\" width=\"140\" height=\"105\" \/><\/p>\n<p class=\"left-paragraph\">grafitov\u00e1<\/p>\n<p><img loading=\"lazy\" class=\"alignnone size-full wp-image-212\" src=\"http:\/\/tarnavva.nazwa.pl\/tarnavva\/wp-content\/uploads\/2017\/01\/rozeta-grafit.jpg\" alt=\"grafit\" width=\"138\" height=\"104\" \/><\/p>\n<p class=\"left-paragraph\">u\u0161\u013eachtil\u00e1 oce\u013e le\u0161ten\u00e1<\/p>\n<p><img loading=\"lazy\" class=\"alignnone size-full wp-image-213\" src=\"http:\/\/tarnavva.nazwa.pl\/tarnavva\/wp-content\/uploads\/2017\/01\/rozeta-poler.jpg\" alt=\"poler\" width=\"138\" height=\"104\" \/><\/p>\n<p class=\"left-paragraph\">u\u0161\u013eachtil\u00e1 oce\u013e br\u00fasen\u00e1<\/p>\n<p><img loading=\"lazy\" class=\"alignnone size-full wp-image-214\" src=\"http:\/\/tarnavva.nazwa.pl\/tarnavva\/wp-content\/uploads\/2017\/01\/rozeta-szlif.jpg\" alt=\"szlif\" width=\"138\" height=\"104\" \/><\/p>\n<h2 class=\"red-header\">Panel r\u00e1mu<\/h2>\n<p class=\"left-paragraph\">\u010dierna<\/p>\n<p><img loading=\"lazy\" class=\"alignnone size-full wp-image-215\" src=\"http:\/\/tarnavva.nazwa.pl\/tarnavva\/wp-content\/uploads\/2017\/01\/rama_panel_czarna.jpg\" alt=\"czarna\" width=\"140\" height=\"105\" \/><\/p>\n<p class=\"left-paragraph\">u\u0161\u013eachtil\u00e1 oce\u013e le\u0161ten\u00e1<\/p>\n<p><img loading=\"lazy\" class=\"alignnone size-full wp-image-216\" src=\"http:\/\/tarnavva.nazwa.pl\/tarnavva\/wp-content\/uploads\/2017\/01\/rama_panel_drapanka.jpg\" alt=\"drapanka\" width=\"140\" height=\"105\" \/><\/p>\n<p class=\"left-paragraph\">mix<\/p>\n<p><img loading=\"lazy\" class=\"alignnone size-full wp-image-217\" src=\"http:\/\/tarnavva.nazwa.pl\/tarnavva\/wp-content\/uploads\/2017\/01\/rama_panel_mix.jpg\" alt=\"mix\" width=\"140\" height=\"105\" \/><\/p>\n<h2 class=\"red-header\">Rysunki wymiarowe<\/h2>\n<p class=\"left-paragraph\">R\u00e1mec pre konvexn\u00e9<\/p>\n<p><a href=\"http:\/\/tarnavva.nazwa.pl\/tarnavva\/wp-content\/uploads\/2017\/01\/tech_roz_wyp.jpg\" data-rel=\"lightbox-gallery-fMFgxzAK\" data-rl_title=\"\" data-rl_caption=\"\" title=\"\"><img loading=\"lazy\" class=\"alignnone size-thumbnail wp-image-226\" style=\"border: 1px solid black;\" src=\"http:\/\/tarnavva.nazwa.pl\/tarnavva\/wp-content\/uploads\/2017\/01\/tech_roz_wyp-150x150.jpg\" alt=\"roz\" width=\"150\" height=\"150\" \/><\/a><\/p>\n<p class=\"left-paragraph\">Panel r\u00e1mu<\/p>\n<p><a href=\"http:\/\/tarnavva.nazwa.pl\/tarnavva\/wp-content\/uploads\/2017\/01\/tech_roz_pan.jpg\" data-rel=\"lightbox-gallery-fMFgxzAK\" data-rl_title=\"\" data-rl_caption=\"\" title=\"\"><img loading=\"lazy\" class=\"alignnone size-thumbnail wp-image-227\" style=\"border: 1px solid black;\" src=\"http:\/\/tarnavva.nazwa.pl\/tarnavva\/wp-content\/uploads\/2017\/01\/tech_roz_pan-150x150.jpg\" alt=\"pan\" width=\"150\" height=\"150\" srcset=\"http:\/\/monolity.pl\/wp-content\/uploads\/2017\/01\/tech_roz_pan-150x150.jpg 150w, http:\/\/monolity.pl\/wp-content\/uploads\/2017\/01\/tech_roz_pan-300x300.jpg 300w, http:\/\/monolity.pl\/wp-content\/uploads\/2017\/01\/tech_roz_pan.jpg 600w\" sizes=\"(max-width: 150px) 100vw, 150px\" \/><\/a><\/p>\n<p><img loading=\"lazy\" width=\"800\" height=\"600\" class=\"alignnone size-full wp-image-230\" style=\"width: 95%;\" src=\"http:\/\/tarnavva.nazwa.pl\/tarnavva\/wp-content\/uploads\/2017\/01\/18.jpg\" alt=\"18\" srcset=\"http:\/\/monolity.pl\/wp-content\/uploads\/2017\/01\/18.jpg 800w, http:\/\/monolity.pl\/wp-content\/uploads\/2017\/01\/18-300x225.jpg 300w, http:\/\/monolity.pl\/wp-content\/uploads\/2017\/01\/18-768x576.jpg 768w\" sizes=\"(max-width: 800px) 100vw, 800px\" \/><\/p>","protected":false},"excerpt":{"rendered":"<p>Navrhujeme\u00a0 V\u00e1m mimoriadne modern\u00fd detail do na\u0161ich krbov\u00fdch vlo\u017eiek, a to ozdobn\u00fa r\u00e1mov\u00fa kon\u0161trukciu. M\u00e1me r\u00e1mov\u00e9 kon\u0161trukcie do v\u0161etk\u00fdch vkladov v\u00a0\u0161tyroch r\u00f4znych farb\u00e1ch: u\u0161\u013eachtil\u00e1 oce\u013e le\u0161ten\u00e1, u\u0161\u013eachtil\u00e1 oce\u013e br\u00fasen\u00e1, \u010dierna a\u00a0grafitov\u00e1. R\u00e1mov\u00e9 kon\u0161trukcie maj\u00fa syst\u00e9m u\u013eah\u010duj\u00faci praktick\u00fa a\u00a0r\u00fdchlu mont\u00e1\u017e a\u00a0krbu prid\u00e1va mimoriadne origin\u00e1lny vzh\u013ead. R\u00e1mec pre konvexn\u00e9 \u010dierna grafitov\u00e1 u\u0161\u013eachtil\u00e1 oce\u013e le\u0161ten\u00e1 u\u0161\u013eachtil\u00e1 oce\u013e br\u00fasen\u00e1 [&hellip;]<\/p>\n","protected":false},"author":1,"featured_media":0,"parent":42,"menu_order":0,"comment_status":"closed","ping_status":"closed","template":"","meta":[],"_links":{"self":[{"href":"http:\/\/monolity.pl\/sk\/wp-json\/wp\/v2\/pages\/210"}],"collection":[{"href":"http:\/\/monolity.pl\/sk\/wp-json\/wp\/v2\/pages"}],"about":[{"href":"http:\/\/monolity.pl\/sk\/wp-json\/wp\/v2\/types\/page"}],"author":[{"embeddable":true,"href":"http:\/\/monolity.pl\/sk\/wp-json\/wp\/v2\/users\/1"}],"replies":[{"embeddable":true,"href":"http:\/\/monolity.pl\/sk\/wp-json\/wp\/v2\/comments?post=210"}],"version-history":[{"count":36,"href":"http:\/\/monolity.pl\/sk\/wp-json\/wp\/v2\/pages\/210\/revisions"}],"predecessor-version":[{"id":1078,"href":"http:\/\/monolity.pl\/sk\/wp-json\/wp\/v2\/pages\/210\/revisions\/1078"}],"up":[{"embeddable":true,"href":"http:\/\/monolity.pl\/sk\/wp-json\/wp\/v2\/pages\/42"}],"wp:attachment":[{"href":"http:\/\/monolity.pl\/sk\/wp-json\/wp\/v2\/media?parent=210"}],"curies":[{"name":"wp","href":"https:\/\/api.w.org\/{rel}","templated":true}]}}