{"id":235,"date":"2017-01-07T12:56:39","date_gmt":"2017-01-07T11:56:39","guid":{"rendered":"http:\/\/tarnavva.nazwa.pl\/tarnavva\/?page_id=235"},"modified":"2017-03-09T12:09:55","modified_gmt":"2017-03-09T11:09:55","slug":"stojaki-do-kominka","status":"publish","type":"page","link":"http:\/\/monolity.pl\/sk\/produkty\/stojaki-do-kominka\/","title":{"rendered":"Stojany"},"content":{"rendered":"<p>Regulovan\u00e9 stojany do krbov s\u00fa v\u00fdborn\u00fdm podstavcom pod korpus k\u00fareniska. Maj\u00fa skeletov\u00fa kon\u0161trukciu \u010do umo\u017e\u0148uje slobodn\u00fd prietok vzduchu a\u00a0automatick\u00e9 ochladzovanie kazety. S\u00fa vyroben\u00e9 z\u00a0ST plechov\u00fdch profilov odpovedaj\u00facej hr\u00fabky. Nohy stojana s\u00fa regulovan\u00e9, \u010do umo\u017e\u0148uje regul\u00e1ciu potrebnej v\u00fd\u0161ky (v\u00a0rozmedz\u00ed 370 mm a\u017e 440 mm.<\/p>\n<p><img loading=\"lazy\" class=\"alignleft size-full wp-image-237\" src=\"http:\/\/tarnavva.nazwa.pl\/tarnavva\/wp-content\/uploads\/2017\/01\/Tarnavva-stojak01.jpg\" alt=\"\" width=\"200\" height=\"165\" \/><\/p>\n<p><img loading=\"lazy\" class=\"alignleft size-full wp-image-238\" src=\"http:\/\/tarnavva.nazwa.pl\/tarnavva\/wp-content\/uploads\/2017\/01\/Tarnavva-stojak02.jpg\" alt=\"\" width=\"200\" height=\"256\" \/><\/p>\n<p><img loading=\"lazy\" class=\"alignleft size-full wp-image-239\" src=\"http:\/\/tarnavva.nazwa.pl\/tarnavva\/wp-content\/uploads\/2017\/01\/Tarnavva-stojak03.jpg\" alt=\"\" width=\"200\" height=\"204\" \/><\/p>","protected":false},"excerpt":{"rendered":"<p>Regulovan\u00e9 stojany do krbov s\u00fa v\u00fdborn\u00fdm podstavcom pod korpus k\u00fareniska. Maj\u00fa skeletov\u00fa kon\u0161trukciu \u010do umo\u017e\u0148uje slobodn\u00fd prietok vzduchu a\u00a0automatick\u00e9 ochladzovanie kazety. S\u00fa vyroben\u00e9 z\u00a0ST plechov\u00fdch profilov odpovedaj\u00facej hr\u00fabky. Nohy stojana s\u00fa regulovan\u00e9, \u010do umo\u017e\u0148uje regul\u00e1ciu potrebnej v\u00fd\u0161ky (v\u00a0rozmedz\u00ed 370 mm a\u017e 440 mm.<\/p>\n","protected":false},"author":1,"featured_media":0,"parent":42,"menu_order":0,"comment_status":"closed","ping_status":"closed","template":"","meta":[],"_links":{"self":[{"href":"http:\/\/monolity.pl\/sk\/wp-json\/wp\/v2\/pages\/235"}],"collection":[{"href":"http:\/\/monolity.pl\/sk\/wp-json\/wp\/v2\/pages"}],"about":[{"href":"http:\/\/monolity.pl\/sk\/wp-json\/wp\/v2\/types\/page"}],"author":[{"embeddable":true,"href":"http:\/\/monolity.pl\/sk\/wp-json\/wp\/v2\/users\/1"}],"replies":[{"embeddable":true,"href":"http:\/\/monolity.pl\/sk\/wp-json\/wp\/v2\/comments?post=235"}],"version-history":[{"count":15,"href":"http:\/\/monolity.pl\/sk\/wp-json\/wp\/v2\/pages\/235\/revisions"}],"predecessor-version":[{"id":1079,"href":"http:\/\/monolity.pl\/sk\/wp-json\/wp\/v2\/pages\/235\/revisions\/1079"}],"up":[{"embeddable":true,"href":"http:\/\/monolity.pl\/sk\/wp-json\/wp\/v2\/pages\/42"}],"wp:attachment":[{"href":"http:\/\/monolity.pl\/sk\/wp-json\/wp\/v2\/media?parent=235"}],"curies":[{"name":"wp","href":"https:\/\/api.w.org\/{rel}","templated":true}]}}