{"id":241,"date":"2017-01-07T13:05:42","date_gmt":"2017-01-07T12:05:42","guid":{"rendered":"http:\/\/tarnavva.nazwa.pl\/tarnavva\/?page_id=241"},"modified":"2017-03-09T11:50:31","modified_gmt":"2017-03-09T10:50:31","slug":"elementy-komina","status":"publish","type":"page","link":"http:\/\/monolity.pl\/sk\/produkty\/elementy-komina\/","title":{"rendered":"Elementy komina"},"content":{"rendered":"<p>W zakresie element\u00f3w komina i przy\u0142\u0105cza proponujemy:<\/p>\n<div class=\"tab-2\">\n<table rules=\"rows\">\n<tbody>\n<tr>\n<td rowspan=\"2\">elementy kominowe ze stali kwasoodpornej:<br \/>\ngatunek 1.4404, 1.4301, grubo\u015b\u0107 od 0,5 do 1,5mm<\/td>\n<td>\n<ul>\n<li>system jedno\u015bcienny<\/li>\n<\/ul>\n<\/td>\n<\/tr>\n<tr>\n<td>\n<ul>\n<li>system dwu\u015bcienny<\/li>\n<\/ul>\n<\/td>\n<\/tr>\n<tr>\n<td>elementy kominowe ze stali \u017caroodpornej<\/td>\n<td>\n<ul>\n<li>rura gi\u0119ta<\/li>\n<\/ul>\n<\/td>\n<\/tr>\n<\/tbody>\n<\/table>\n<\/div>\n<p>W swojej ofercie posiadamy systemy element\u00f3w kominowych zar\u00f3wno jedno\u015bciennych, do monta\u017cu w istniej\u0105cych kominach ceramicznych, jak i systemy element\u00f3w komin\u00f3w dwu\u015bciennych, do monta\u017cu na zewn\u0105trz \u015bciany ceramicznej budynk\u00f3w lub na \u015bcianach zewn\u0119trznych b\u0105d\u017a wewn\u0105trz konstrukcji metalowych. S\u0142u\u017c\u0105 do wykonania kompletnego uk\u0142adu odprowadzenia spalin z kot\u0142\u00f3w do atmosfery. W obu systemach do produkcji wykorzystywana jest wysokiej jako\u015bci stal kwasoodporna. Izolacja w systemach dwu\u015bciennych wykonywana jest z wysokotemperaturowej sprasowanej we\u0142ny mineralnej. Pomy\u015blna wsp\u00f3\u0142praca z dwoma spo\u015br\u00f3d najwi\u0119kszych producent\u00f3w system\u00f3w kominowych w Polsce pozwala nam proponowa\u0107 Pa\u0144stwu zar\u00f3wno pojedyncze elementy przy\u0142\u0105cza do kominka, jak i przemys\u0142owe kominy wolnostoj\u0105ce z blach o gr. od 0,5mm do 2mm, o \u015brednicach w przedziale od \u00f860mm do \u00f81000 mm. \u015amia\u0142o\u015b\u0107 tej oferty opieramy na fundamencie naszej firmy, jakim jest Osoba g\u0142\u00f3wnego W\u0142a\u015bciciela Firmy &#8222;TarnaVva&#8220;, jednoczesnego Wsp\u00f3\u0142w\u0142a\u015bciciela Firm &#8222;TARNAWA&#8220; Sp.J. oraz &#8222;HMS-Komet&#8220; Sp.z o.o., posiadaj\u0105ca szerok\u0105 wiedz\u0119 i wieloletnie do\u015bwiadczenie w produkcji komin\u00f3w i realizacji przedsi\u0119wzi\u0119\u0107 w bran\u017cy instalacyjnej.<\/p>\n<div id=\"attachment_247\" style=\"width: 110px\" class=\"wp-caption alignleft\"><img aria-describedby=\"caption-attachment-247\" loading=\"lazy\" class=\"size-full wp-image-247\" src=\"http:\/\/tarnavva.nazwa.pl\/tarnavva\/wp-content\/uploads\/2017\/01\/Elementy-_komina_dwuscienne_ze_stali.jpg\" alt=\"system dwu\u015bcienny\" width=\"100\" height=\"192\" \/><p id=\"caption-attachment-247\" class=\"wp-caption-text\">system dwu\u015bcienny<\/p><\/div>\n<div id=\"attachment_248\" style=\"width: 110px\" class=\"wp-caption alignleft\"><img aria-describedby=\"caption-attachment-248\" loading=\"lazy\" class=\"size-full wp-image-248\" src=\"http:\/\/tarnavva.nazwa.pl\/tarnavva\/wp-content\/uploads\/2017\/01\/Elementy-_komina_jednoscienne_ze_stali.jpg\" alt=\"system jedno\u015bcienny\" width=\"100\" height=\"181\" \/><p id=\"caption-attachment-248\" class=\"wp-caption-text\">system jedno\u015bcienny<\/p><\/div>\n<p style=\"clear: both; text-align: center;\">Dobre stosunki partnerskie z Producentami dwu\u015bciennych chromoniklowych rur gi\u0119tych typu TARFLEX lub BESKOM oraz element\u00f3w kominowych ze stali \u017caroodpornej r\u00f3wnie\u017c pozwalaj\u0105 nam wyj\u015b\u0107 naprzeciw Pa\u0144stwa zapotrzebowaniu w tej materii, co pomaga nam dope\u0142ni\u0107 kompleksowo\u015b\u0107 naszych us\u0142ug i asortymentu.<\/p>\n<p><\/p>","protected":false},"excerpt":{"rendered":"<p>W zakresie element\u00f3w komina i przy\u0142\u0105cza proponujemy: elementy kominowe ze stali kwasoodpornej: gatunek 1.4404, 1.4301, grubo\u015b\u0107 od 0,5 do 1,5mm system jedno\u015bcienny system dwu\u015bcienny elementy kominowe ze stali \u017caroodpornej rura gi\u0119ta W swojej ofercie posiadamy systemy element\u00f3w kominowych zar\u00f3wno jedno\u015bciennych, do monta\u017cu w istniej\u0105cych kominach ceramicznych, jak i systemy element\u00f3w komin\u00f3w dwu\u015bciennych, do monta\u017cu na [&hellip;]<\/p>\n","protected":false},"author":1,"featured_media":0,"parent":42,"menu_order":0,"comment_status":"closed","ping_status":"closed","template":"","meta":[],"_links":{"self":[{"href":"http:\/\/monolity.pl\/sk\/wp-json\/wp\/v2\/pages\/241"}],"collection":[{"href":"http:\/\/monolity.pl\/sk\/wp-json\/wp\/v2\/pages"}],"about":[{"href":"http:\/\/monolity.pl\/sk\/wp-json\/wp\/v2\/types\/page"}],"author":[{"embeddable":true,"href":"http:\/\/monolity.pl\/sk\/wp-json\/wp\/v2\/users\/1"}],"replies":[{"embeddable":true,"href":"http:\/\/monolity.pl\/sk\/wp-json\/wp\/v2\/comments?post=241"}],"version-history":[{"count":20,"href":"http:\/\/monolity.pl\/sk\/wp-json\/wp\/v2\/pages\/241\/revisions"}],"predecessor-version":[{"id":1073,"href":"http:\/\/monolity.pl\/sk\/wp-json\/wp\/v2\/pages\/241\/revisions\/1073"}],"up":[{"embeddable":true,"href":"http:\/\/monolity.pl\/sk\/wp-json\/wp\/v2\/pages\/42"}],"wp:attachment":[{"href":"http:\/\/monolity.pl\/sk\/wp-json\/wp\/v2\/media?parent=241"}],"curies":[{"name":"wp","href":"https:\/\/api.w.org\/{rel}","templated":true}]}}