{"id":257,"date":"2017-01-07T13:54:51","date_gmt":"2017-01-07T12:54:51","guid":{"rendered":"http:\/\/tarnavva.nazwa.pl\/tarnavva\/?page_id=257"},"modified":"2017-03-09T11:42:35","modified_gmt":"2017-03-09T10:42:35","slug":"dystrybutor-cieplego-powietrza","status":"publish","type":"page","link":"http:\/\/monolity.pl\/sk\/produkty\/dystrybutor-cieplego-powietrza\/","title":{"rendered":"Rozde\u013eova\u010de tepl\u00e9ho vzduchu"},"content":{"rendered":"<p>Rozde\u013eova\u010de tepl\u00e9ho vzduchu vykon\u00e1vame pod\u013ea individu\u00e1lnej objedn\u00e1vky z\u00e1kazn\u00edka (po skor\u0161ej dohode o\u00a0po\u010dte hrdiel rozv\u00e1dzac\u00edch\u00a0 r\u00far a\u00a0ich priemerov). Rozde\u013eova\u010de s\u00fa vyroben\u00e9 z\u00a0pozinkovan\u00e9ho plechu.<\/p>\n<p>S\u00fa dostupn\u00e9 pre nasleduj\u00face k\u00farenisk\u00e1:<\/p>\n<ul>\n<li>TYP 12 KW<\/li>\n<li>TYP 14 KW<\/li>\n<li>TYP 16 KW<\/li>\n<li>TYP 18 KW<\/li>\n<li>TYP 20 KW<\/li>\n<\/ul>\n<p><img loading=\"lazy\" class=\"alignleft size-full wp-image-258\" src=\"http:\/\/tarnavva.nazwa.pl\/tarnavva\/wp-content\/uploads\/2017\/01\/Tarnavva_dystrybutor_01.jpg\" alt=\"\" width=\"200\" height=\"221\" \/><\/p>\n<p><img loading=\"lazy\" class=\"alignleft size-full wp-image-259\" src=\"http:\/\/tarnavva.nazwa.pl\/tarnavva\/wp-content\/uploads\/2017\/01\/Tarnavva_dystrybutor_02.jpg\" alt=\"\" width=\"200\" height=\"206\" \/><\/p>\n<p><img loading=\"lazy\" class=\"alignleft size-full wp-image-260\" src=\"http:\/\/tarnavva.nazwa.pl\/tarnavva\/wp-content\/uploads\/2017\/01\/Tarnavva_dystrybutor_03.jpg\" alt=\"\" width=\"200\" height=\"119\" \/><\/p>\n<p>&nbsp;<\/p>","protected":false},"excerpt":{"rendered":"<p>Rozde\u013eova\u010de tepl\u00e9ho vzduchu vykon\u00e1vame pod\u013ea individu\u00e1lnej objedn\u00e1vky z\u00e1kazn\u00edka (po skor\u0161ej dohode o\u00a0po\u010dte hrdiel rozv\u00e1dzac\u00edch\u00a0 r\u00far a\u00a0ich priemerov). Rozde\u013eova\u010de s\u00fa vyroben\u00e9 z\u00a0pozinkovan\u00e9ho plechu. S\u00fa dostupn\u00e9 pre nasleduj\u00face k\u00farenisk\u00e1: TYP 12 KW TYP 14 KW TYP 16 KW TYP 18 KW TYP 20 KW &nbsp;<\/p>\n","protected":false},"author":1,"featured_media":0,"parent":42,"menu_order":0,"comment_status":"closed","ping_status":"closed","template":"","meta":[],"_links":{"self":[{"href":"http:\/\/monolity.pl\/sk\/wp-json\/wp\/v2\/pages\/257"}],"collection":[{"href":"http:\/\/monolity.pl\/sk\/wp-json\/wp\/v2\/pages"}],"about":[{"href":"http:\/\/monolity.pl\/sk\/wp-json\/wp\/v2\/types\/page"}],"author":[{"embeddable":true,"href":"http:\/\/monolity.pl\/sk\/wp-json\/wp\/v2\/users\/1"}],"replies":[{"embeddable":true,"href":"http:\/\/monolity.pl\/sk\/wp-json\/wp\/v2\/comments?post=257"}],"version-history":[{"count":13,"href":"http:\/\/monolity.pl\/sk\/wp-json\/wp\/v2\/pages\/257\/revisions"}],"predecessor-version":[{"id":1071,"href":"http:\/\/monolity.pl\/sk\/wp-json\/wp\/v2\/pages\/257\/revisions\/1071"}],"up":[{"embeddable":true,"href":"http:\/\/monolity.pl\/sk\/wp-json\/wp\/v2\/pages\/42"}],"wp:attachment":[{"href":"http:\/\/monolity.pl\/sk\/wp-json\/wp\/v2\/media?parent=257"}],"curies":[{"name":"wp","href":"https:\/\/api.w.org\/{rel}","templated":true}]}}