{"id":27,"date":"2016-12-31T11:52:58","date_gmt":"2016-12-31T10:52:58","guid":{"rendered":"http:\/\/tarnavva.nazwa.pl\/tarnavva\/?page_id=27"},"modified":"2021-10-20T17:13:38","modified_gmt":"2021-10-20T15:13:38","slug":"kontakt","status":"publish","type":"page","link":"http:\/\/monolity.pl\/sk\/kontakt\/","title":{"rendered":"KONTAKT"},"content":{"rendered":"<p><\/p>\n<h2 style=\"color: #dd4b23; text-align: center;\">T A R N A V V A Sp. z o.o<\/h2>\n<h3 style=\"color: #dd4b23; text-align: left;\">Zak\u0142ad Produkcyjny i Dzia\u0142 Sprzeda\u017cy:<\/h3>\n<p style=\"text-align: center;\"><strong>33 \u2013 270 Wietrzychowice 191<\/strong><br \/>\n<strong> woj. ma\u0142opolskie POLSKA<\/strong><\/p>\n<p style=\"text-align: center;\"><strong>Tel:<\/strong> +48 14 644 20 50<br \/>\n<strong>Fax:<\/strong> +48 14 644 20 59<br \/>\n<strong>e-mail:<\/strong> v.v@tarnavva.com<\/p>\n<p style=\"text-align: center;\"><strong>Zapraszamy od poniedzia\u0142ku do pi\u0105tku w godzinach od 7.00 do 16.00<\/strong><\/p>\n<h3 style=\"color: #dd4b23;\">Biuro Obs\u0142ugi Klienta Polska:<\/h3>\n<p style=\"text-align: center;\"><strong>Specjalista ds. sprzeda\u017cy<\/strong> Monika Majka<br \/>\nTel: +48 14 644 20 51<br \/>\nFax: +48 14 644 20 59<br \/>\nKom: +48 516 079 099<br \/>\ne-mail: m.majka@monolity.pl<\/p>\n<p style=\"text-align: center;\"><strong>Specjalista ds.sprzeda\u017cy<\/strong> Agnieszka Wajda<br \/>\nTel: +48 14 644 20 50<br \/>\nFax: +48 14 644 20 59<br \/>\nKom: +48 791 158 486<br \/>\ne-mail: a.wajda@monolity.pl<\/p>\n<h3 style=\"color: #dd4b23;\">Biuro Obs\u0142ugi Klienta Eksport:<\/h3>\n<p style=\"text-align: center;\"><strong>j\u0119zyk angielski<\/strong><br \/>\n<strong>Specjalista ds. sprzeda\u017cy<\/strong> Dominik Iskra<br \/>\nTel: +48 14 63 00 725<br \/>\nKom: +48 512 115 873<br \/>\ne-mail: d.iskra@otot.eu<\/p>\n<p style=\"text-align: center;\"><strong>j\u0119zyk rosyjski, ukrai\u0144ski<\/strong><br \/>\n<strong>Specjalista ds. sprzeda\u017cy<\/strong> O\u0142esia Kostecka-Dra\u017cnycia<br \/>\nTel: +48 14 63 00 725<br \/>\nFax: +48 14 63 00 723<br \/>\nKom: +48 508 080 864<br \/>\ne-mail: o.kostecka@otot.eu<\/p>\n<h3 style=\"color: #dd4b23;\">Dzia\u0142 Techniczny i IT :<\/h3>\n<p><strong>Specjalista ds. Technicznych<\/strong><br \/>\nTel. +48 14 644 20 52<br \/>\nFax. +48 14 644 20 59<\/p>\n<p>\u201eTARNAVVA\u201c Sp.z o.o.<br \/>\n<strong>NIP<\/strong> 993-044-94-37<br \/>\n<strong>REGON<\/strong> 120097720<\/p>\n<p>Kredyt Bank S.A.<br \/>\n<strong>Konto PLN Nr:<\/strong>\u00a0 87 1500 1748 1217 4005 5494 0000<br \/>\n<strong>EURO Acc. :<\/strong>\u00a0 80 1500 1748 1217 4005 5508 0000<\/p>","protected":false},"excerpt":{"rendered":"<p>T A R N A V V A Sp. z o.o Zak\u0142ad Produkcyjny i Dzia\u0142 Sprzeda\u017cy: 33 \u2013 270 Wietrzychowice 191 woj. ma\u0142opolskie POLSKA Tel: +48 14 644 20 50 Fax: +48 14 644 20 59 e-mail: v.v@tarnavva.com Zapraszamy od poniedzia\u0142ku do pi\u0105tku w godzinach od 7.00 do 16.00 Biuro Obs\u0142ugi Klienta Polska: Specjalista ds. [&hellip;]<\/p>\n","protected":false},"author":1,"featured_media":0,"parent":0,"menu_order":0,"comment_status":"closed","ping_status":"closed","template":"","meta":[],"_links":{"self":[{"href":"http:\/\/monolity.pl\/sk\/wp-json\/wp\/v2\/pages\/27"}],"collection":[{"href":"http:\/\/monolity.pl\/sk\/wp-json\/wp\/v2\/pages"}],"about":[{"href":"http:\/\/monolity.pl\/sk\/wp-json\/wp\/v2\/types\/page"}],"author":[{"embeddable":true,"href":"http:\/\/monolity.pl\/sk\/wp-json\/wp\/v2\/users\/1"}],"replies":[{"embeddable":true,"href":"http:\/\/monolity.pl\/sk\/wp-json\/wp\/v2\/comments?post=27"}],"version-history":[{"count":32,"href":"http:\/\/monolity.pl\/sk\/wp-json\/wp\/v2\/pages\/27\/revisions"}],"predecessor-version":[{"id":1132,"href":"http:\/\/monolity.pl\/sk\/wp-json\/wp\/v2\/pages\/27\/revisions\/1132"}],"wp:attachment":[{"href":"http:\/\/monolity.pl\/sk\/wp-json\/wp\/v2\/media?parent=27"}],"curies":[{"name":"wp","href":"https:\/\/api.w.org\/{rel}","templated":true}]}}