{"id":319,"date":"2017-01-15T12:30:52","date_gmt":"2017-01-15T11:30:52","guid":{"rendered":"http:\/\/tarnavva.nazwa.pl\/tarnavva\/?page_id=319"},"modified":"2017-03-07T14:03:33","modified_gmt":"2017-03-07T13:03:33","slug":"instrukcja-montazu-paleniska","status":"publish","type":"page","link":"http:\/\/monolity.pl\/sk\/produkty\/montaz\/instrukcja-montazu-paleniska\/","title":{"rendered":"Instrukcja monta\u017cu paleniska"},"content":{"rendered":"<p><\/p>\n<ul>\n<ul>\n<li>Po dokonaniu zakupu kominka TARNAVVA i jego przetransportowaniu lub odbiorze od firmy przewozowej nale\u017cy umie\u015bci\u0107 wszystkie elementy wk\u0142adu kominkowego, zdemontowane przez nas w celu zabezpieczenia w transporcie (tj. deflektor, klucz). Nast\u0119pnie nale\u017cy dokona\u0107 wyboru miejsca do ustawienia paleniska.<\/li>\n<\/ul>\n<\/ul>\n<p>&nbsp;<\/p>\n<ul>\n<ul>\n<li>Przed ustawieniem wk\u0142adu kominkowego w miejscu, w kt\u00f3rym ma si\u0119 znajdowa\u0107, nale\u017cy upewni\u0107 si\u0119, \u017ce pod\u0142o\u017ce posiada odpowiedni\u0105 wytrzyma\u0142o\u015b\u0107 mechaniczn\u0105 i termiczn\u0105. Powinno ono by\u0107 wykonane z materia\u0142\u00f3w niepalnych ( o min. grubo\u015bci 15cm) np. ceg\u0142a, beton, ceramiczne p\u0142yty ognioodporne. Je\u017celi pod\u0142o\u017ce nie spe\u0142nia wymaga\u0144 no\u015bno\u015bci, lub nie jest si\u0119 tego pewnym, nale\u017cy wezwa\u0107 odpowiedni\u0105 firm\u0119 z uprawnieniami budowlanymi, kt\u00f3ra dokona fachowej analizy i zaleci odpowiednie rozwi\u0105zanie konstrukcyjne np. wskazanie innego miejsca, spe\u0142niaj\u0105cego okre\u015blone wymogi lub spos\u00f3b roz\u0142o\u017cenia ci\u0119\u017caru na wi\u0119kszej powierzchni.<\/li>\n<\/ul>\n<\/ul>\n<p>&nbsp;<\/p>\n<ul>\n<ul>\n<li>Palenisko powinno sta\u0107 na specjalnym stojaku regulowanym naszej firmy maj\u0105cym wys. od 370 mm do 440mm. Stojak ten ma budow\u0119 szkieletow\u0105, co umo\u017cliwia swobodny przep\u0142yw powietrza i automatyczne sch\u0142adzanie kasety. Wk\u0142ad kominkowy mo\u017cna ustawi\u0107 r\u00f3wnie\u017c na ceglano-\u017celbetonowej podmur\u00f3wce, w kt\u00f3rej zachowa\u0107 nale\u017cy otw\u00f3r o polu powierzchni 500 cm\u00b2, usytuowany centralnie pod kominkiem, w celu zabezpieczenia nap\u0142ywu powietrza potrzebnego do sch\u0142adzania paleniska.<\/li>\n<\/ul>\n<\/ul>\n<p>&nbsp;<\/p>\n<ul>\n<ul>\n<li>Nad kominkiem powinna znajdowa\u0107 si\u0119 komora powietrzna o wys. min. 1m, z kt\u00f3rej, zbieraj\u0105ce si\u0119 tam, ciep\u0142e powietrze wyprowadzane b\u0119dzie na zewn\u0105trz &#8211; do pomieszcze\u0144 &#8211; przez kana\u0142y rozprowadzaj\u0105ce, b\u0105d\u017a przez kratki, umieszczone na obudowie komory powietrznej.<\/li>\n<\/ul>\n<\/ul>\n<p>&nbsp;<\/p>\n<ul>\n<ul>\n<li>Wk\u0142ad Tarnavva dopuszcza si\u0119 do montowania i stosowania w obudowie, ale w tym przypadku musi by\u0107 zachowana odpowiednia odleg\u0142o\u015b\u0107 od materia\u0142\u00f3w palnych i palnych element\u00f3w budowlanych. (odleg\u0142o\u015bci te podane s\u0105 dla ka\u017cdego typu wk\u0142adu w danych technicznych, kt\u00f3re na naszej stronie znajdziecie Pa\u0144stwo w dziale WK\u0141ADY KOMINKOWE.<\/li>\n<\/ul>\n<\/ul>\n<p>&nbsp;<\/p>\n<ul>\n<ul>\n<li>Przed paleniskiem, zw\u0142aszcza na pod\u0142o\u017cu, nale\u017cy zachowa\u0107 minimaln\u0105 stref\u0119 bezpiecze\u0144stwa, tj.100 cm, wykonan\u0105 z materia\u0142\u00f3w niepalnych (p\u0142ytki ceramiczne, terakota, blacha) w celu zabezpieczenia pod\u0142ogi przed ewentualnym \u017carem, mog\u0105cym wypa\u015b\u0107 z komory paleniskowej kominka.<\/li>\n<\/ul>\n<\/ul>\n<p>&nbsp;<\/p>\n<ul>\n<li>W przypadku, je\u017celi nie jest mo\u017cliwe dotrzymanie strefy bezpiecze\u0144stwa, a w pobli\u017cu paleniska znajduj\u0105 si\u0119 elementy palne, nale\u017cy skonsultowa\u0107 si\u0119 z firm\u0105, specjalizuj\u0105c\u0105 si\u0119 w bran\u017cy izolacyjnej, kt\u00f3ra poleci, b\u0105d\u017a wykona, izolacj\u0119 o odpowiedniej wytrzyma\u0142o\u015bci termicznej .<\/li>\n<\/ul>\n<p><em>Materia\u0142y obj\u0119te prawem autorskim! Publikacja w cz\u0119\u015bci lub w ca\u0142o\u015bci wy\u0142\u0105cznie za zgod\u0105 autora.<\/em><\/p>\n<p><a href=\"http:\/\/tarnavva.nazwa.pl\/tarnavva\/wp-content\/uploads\/2017\/01\/15-1.jpg\" data-rel=\"lightbox-gallery-0aFEh3Vf\" data-rl_title=\"\" data-rl_caption=\"\" title=\"\"><img loading=\"lazy\" width=\"800\" height=\"533\" class=\"alignnone size-medium wp-image-325\" src=\"http:\/\/tarnavva.nazwa.pl\/tarnavva\/wp-content\/uploads\/2017\/01\/15-1.jpg\" alt=\"15\" srcset=\"http:\/\/monolity.pl\/wp-content\/uploads\/2017\/01\/15-1.jpg 800w, http:\/\/monolity.pl\/wp-content\/uploads\/2017\/01\/15-1-300x200.jpg 300w, http:\/\/monolity.pl\/wp-content\/uploads\/2017\/01\/15-1-768x512.jpg 768w\" sizes=\"(max-width: 800px) 100vw, 800px\" \/><\/a><\/p>\n<p>&nbsp;<\/p>\n<p>&nbsp;<\/p>\n<hr class=\"red-hr\" \/>\n<p>&nbsp;<\/p>\n<h3 class=\"red-header-2\">Izolacja<\/h3>\n<p>IZOLACJE I ODLEG\u0141O\u015aCI PALENISKA OD \u015aCIAN ZABUDOWY (WN\u0118KI)<\/p>\n<p>W przypadku kominka obudowanego lub wbudowanego, nale\u017cy zwr\u00f3ci\u0107 szczeg\u00f3ln\u0105 uwag\u0119 na, znajduj\u0105ce si\u0119 w bezpo\u015brednim kontakcie z wk\u0142adem kominkowym, ceramiczne \u015bciany budynku. Powinny one posiada\u0107 izolacj\u0119 termiczn\u0105 z we\u0142ny mineralnej z jednostronn\u0105 ok\u0142adzin\u0105 o grubo\u015bci minimum 50mm, wytrzyma\u0142o\u015bci termicznej minimum 750\u00b0 C, g\u0119sto\u015bci 110 kg\/m\u00b3 i wsp\u00f3\u0142czynniku przewodzenia ciep\u0142a 0,038 [W\/m K], poniewa\u017c d\u0142ugie oddzia\u0142ywanie ciep\u0142a na \u015bciany powoduje ich p\u0119kanie. Zabrania si\u0119 \u0142\u0105czenia kominka z obudow\u0105, poniewa\u017c w czasie palenia zwi\u0119ksza si\u0119 temperatura, co powoduje rozszerzanie si\u0119 paleniska. W przypadku, gdy \u015bciany pomieszczenia, w kt\u00f3rym zostanie zainstalowany wk\u0142ad kominkowy, wykonane s\u0105 z materia\u0142\u00f3w \u0142atwopalnych, nale\u017cy wykona\u0107 obudow\u0119 kominka z materia\u0142\u00f3w ceramicznych o wytrzyma\u0142o\u015bci temperaturowej min 1000\u00b0 C, gr. min 10cm, a nast\u0119pnie wy\u0142o\u017cy\u0107 od \u015brodka we\u0142n\u0105 mineraln\u0105 o w\/w parametrach.<\/p>\n<p>Szczelina powietrzna w obudowie kominka, mi\u0119dzy zewn\u0119trznymi zarysami paleniska, a wewn\u0119trzn\u0105 kraw\u0119dzi\u0105 obudowy, powinna wynosi\u0107:<br \/>\n&#8211; przy ogrzewaniu grawitacyjnym 100mm (dla bok\u00f3w, ty\u0142u); dla do\u0142u 350mm, dla g\u00f3ry 1000mm,<br \/>\nprzy ogrzewaniu wymuszonym 50mm (dla bok\u00f3w, ty\u0142u); dla do\u0142u i g\u00f3ry j.w.<\/p>\n<p><em>Materia\u0142y obj\u0119te prawem autorskim! Publikacja w cz\u0119\u015bci lub w ca\u0142o\u015bci wy\u0142\u0105cznie za zgod\u0105 autora.<\/em><\/p>\n<p><a href=\"http:\/\/tarnavva.nazwa.pl\/tarnavva\/wp-content\/uploads\/2017\/01\/18-1.jpg\" data-rel=\"lightbox-gallery-0aFEh3Vf\" data-rl_title=\"\" data-rl_caption=\"\" title=\"\"><img loading=\"lazy\" width=\"800\" height=\"600\" class=\"alignnone size-medium wp-image-328\" src=\"http:\/\/tarnavva.nazwa.pl\/tarnavva\/wp-content\/uploads\/2017\/01\/18-1.jpg\" alt=\"18\" srcset=\"http:\/\/monolity.pl\/wp-content\/uploads\/2017\/01\/18-1.jpg 800w, http:\/\/monolity.pl\/wp-content\/uploads\/2017\/01\/18-1-300x225.jpg 300w, http:\/\/monolity.pl\/wp-content\/uploads\/2017\/01\/18-1-768x576.jpg 768w\" sizes=\"(max-width: 800px) 100vw, 800px\" \/><\/a><\/p>\n<p>&nbsp;<\/p>\n<p>&nbsp;<\/p>\n<hr class=\"red-hr\" \/>\n<p>&nbsp;<\/p>\n<h3 class=\"red-header-2\">Pod\u0142\u0105czenie paleniska do komina<\/h3>\n<p>Wk\u0142ad nale\u017cy pod\u0142\u0105czy\u0107 do komina, kt\u00f3rego ci\u0105g kominowy, przy nominalnej mocy cieplnej paleniska, powinien wynosi\u0107 12 Pa. Je\u017celi komin posiada za du\u017cy ci\u0105g kominowy mo\u017cna zamontowa\u0107 na nim, lub na rurze przy\u0142\u0105czeniowej, urz\u0105dzenie d\u0142awi\u0105ce lub reguluj\u0105ce ci\u0105g. Ogrzewacz nie mo\u017ce by\u0107 przy\u0142\u0105czony do komina wraz z innymi paleniskami.<\/p>\n<p>Przewody kominowe powinny by\u0107 wykonane zgodnie z obowi\u0105zuj\u0105cymi normami i przepisami budowlanymi:<br \/>\n&#8211; Dz.U.nr 75 z 2002 r. poz. 690&amp;140 ust.1 i 2 oraz &amp;145 ust.1.<\/p>\n<p>Przy\u0142\u0105cz, urz\u0105dzenia d\u0142awi\u0105ce b\u0105d\u017a reguluj\u0105ce ci\u0105g kominowy, musz\u0105 by\u0107 wykonane z materia\u0142\u00f3w dopuszczonych do stosowania w budownictwie i posiadaj\u0105cych stosowne atesty.<\/p>\n<p>Elementy przy\u0142\u0105cza nale\u017cy montowa\u0107 tak, aby uniemo\u017cliwi\u0107 wyp\u0142ywanie na powierzchni\u0119 wk\u0142adu kondensat\u00f3w, powstaj\u0105cych w procesie spalania wilgotnego drewna. Palenie wilgotnym drewnem b\u0119dzie powodowa\u0142o zarastanie paleniska, przy\u0142\u0105cza i komina sadz\u0105.<\/p>\n<p><em>Materia\u0142y obj\u0119te prawem autorskim! Publikacja w cz\u0119\u015bci lub w ca\u0142o\u015bci wy\u0142\u0105cznie za zgod\u0105 autora.<\/em><\/p>\n<p><a href=\"http:\/\/tarnavva.nazwa.pl\/tarnavva\/wp-content\/uploads\/2017\/01\/14.jpg\" data-rel=\"lightbox-gallery-0aFEh3Vf\" data-rl_title=\"\" data-rl_caption=\"\" title=\"\"><img loading=\"lazy\" width=\"800\" height=\"538\" class=\"alignnone size-medium wp-image-329\" src=\"http:\/\/tarnavva.nazwa.pl\/tarnavva\/wp-content\/uploads\/2017\/01\/14.jpg\" alt=\"14\" srcset=\"http:\/\/monolity.pl\/wp-content\/uploads\/2017\/01\/14.jpg 800w, http:\/\/monolity.pl\/wp-content\/uploads\/2017\/01\/14-300x202.jpg 300w, http:\/\/monolity.pl\/wp-content\/uploads\/2017\/01\/14-768x516.jpg 768w\" sizes=\"(max-width: 800px) 100vw, 800px\" \/><\/a><\/p>\n<p>&nbsp;<\/p>\n<p>&nbsp;<\/p>\n<hr class=\"red-hr\" \/>\n<p>&nbsp;<\/p>\n<h3 class=\"red-header-2\">Rysunek pogl\u0105dowy monta\u017cu<\/h3>\n<p><a href=\"http:\/\/tarnavva.nazwa.pl\/tarnavva\/wp-content\/uploads\/2017\/01\/montaz12_14.gif\" data-rel=\"lightbox-gallery-0aFEh3Vf\" data-rl_title=\"\" data-rl_caption=\"\" title=\"\"><img loading=\"lazy\" class=\"alignnone size-full wp-image-330\" src=\"http:\/\/tarnavva.nazwa.pl\/tarnavva\/wp-content\/uploads\/2017\/01\/montaz12_14.gif\" alt=\"\" width=\"513\" height=\"642\" \/><\/a><\/p>\n<p>Rys. pogl\u0105dowy monta\u017cu paleniska typu 12KW i 14KW.<br \/>\nOdleg\u0142o\u015b\u0107 kratki komory ciep\u0142ego powietrza od stropu powinna wynosi\u0107 min. 50 cm.<br \/>\n<a href=\"http:\/\/tarnavva.nazwa.pl\/tarnavva\/wp-content\/uploads\/2017\/01\/montaz16_18.gif\" data-rel=\"lightbox-gallery-0aFEh3Vf\" data-rl_title=\"\" data-rl_caption=\"\" title=\"\"><img loading=\"lazy\" class=\"alignnone size-full wp-image-331\" src=\"http:\/\/tarnavva.nazwa.pl\/tarnavva\/wp-content\/uploads\/2017\/01\/montaz16_18.gif\" alt=\"\" width=\"513\" height=\"642\" \/><\/a><\/p>\n<p>Rys. pogl\u0105dowy monta\u017cu paleniska typu 16KW i 18KW.<br \/>\nOdleg\u0142o\u015b\u0107 kratki komory ciep\u0142ego powietrza od stropu powinna wynosi\u0107 min. 50 cm.<\/p>\n<p>&nbsp;<\/p>\n<p>&nbsp;<\/p>\n<hr class=\"red-hr\" \/>\n<p>&nbsp;<\/p>","protected":false},"excerpt":{"rendered":"<p>Po dokonaniu zakupu kominka TARNAVVA i jego przetransportowaniu lub odbiorze od firmy przewozowej nale\u017cy umie\u015bci\u0107 wszystkie elementy wk\u0142adu kominkowego, zdemontowane przez nas w celu zabezpieczenia w transporcie (tj. deflektor, klucz). Nast\u0119pnie nale\u017cy dokona\u0107 wyboru miejsca do ustawienia paleniska. &nbsp; Przed ustawieniem wk\u0142adu kominkowego w miejscu, w kt\u00f3rym ma si\u0119 znajdowa\u0107, nale\u017cy upewni\u0107 si\u0119, \u017ce pod\u0142o\u017ce [&hellip;]<\/p>\n","protected":false},"author":1,"featured_media":0,"parent":297,"menu_order":0,"comment_status":"closed","ping_status":"closed","template":"","meta":[],"_links":{"self":[{"href":"http:\/\/monolity.pl\/sk\/wp-json\/wp\/v2\/pages\/319"}],"collection":[{"href":"http:\/\/monolity.pl\/sk\/wp-json\/wp\/v2\/pages"}],"about":[{"href":"http:\/\/monolity.pl\/sk\/wp-json\/wp\/v2\/types\/page"}],"author":[{"embeddable":true,"href":"http:\/\/monolity.pl\/sk\/wp-json\/wp\/v2\/users\/1"}],"replies":[{"embeddable":true,"href":"http:\/\/monolity.pl\/sk\/wp-json\/wp\/v2\/comments?post=319"}],"version-history":[{"count":32,"href":"http:\/\/monolity.pl\/sk\/wp-json\/wp\/v2\/pages\/319\/revisions"}],"predecessor-version":[{"id":1032,"href":"http:\/\/monolity.pl\/sk\/wp-json\/wp\/v2\/pages\/319\/revisions\/1032"}],"up":[{"embeddable":true,"href":"http:\/\/monolity.pl\/sk\/wp-json\/wp\/v2\/pages\/297"}],"wp:attachment":[{"href":"http:\/\/monolity.pl\/sk\/wp-json\/wp\/v2\/media?parent=319"}],"curies":[{"name":"wp","href":"https:\/\/api.w.org\/{rel}","templated":true}]}}