{"id":385,"date":"2017-01-15T14:28:55","date_gmt":"2017-01-15T13:28:55","guid":{"rendered":"http:\/\/tarnavva.nazwa.pl\/tarnavva\/?page_id=385"},"modified":"2017-03-09T13:07:49","modified_gmt":"2017-03-09T12:07:49","slug":"wklady-typu-14-kw","status":"publish","type":"page","link":"http:\/\/monolity.pl\/sk\/produkty\/wklady-kominkowe\/wklady-typu-14-kw\/","title":{"rendered":"14 kw"},"content":{"rendered":"<p><\/p>\n<ul class=\"inline-page-menu\">\n<li><a href=\"#primero\">PRIMERO<\/a><\/li>\n<li><a href=\"#retro\">RETRO<\/a><\/li>\n<li><a href=\"#unica\">UNICA<\/a><\/li>\n<\/ul>\n<h3 id=\"primero\" class=\"red-header-2\">PRIMERO<\/h3>\n<p><img loading=\"lazy\" width=\"601\" height=\"419\" class=\"alignnone size-full wp-image-144\" style=\"display: inline-block; width: 68%;\" src=\"http:\/\/tarnavva.nazwa.pl\/tarnavva\/wp-content\/uploads\/2017\/01\/Tarnavva_Primero_14kW_01-1.jpg\" alt=\"primero\" \/><img loading=\"lazy\" width=\"150\" height=\"98\" class=\"alignnone size-full wp-image-145\" style=\"width: 23%;\" src=\"http:\/\/tarnavva.nazwa.pl\/tarnavva\/wp-content\/uploads\/2017\/01\/gw.jpg\" alt=\"gwar\" \/><\/p>\n<p><a style=\"text-align: left;\" href=\"http:\/\/tarnavva.nazwa.pl\/tarnavva\/wp-content\/uploads\/2017\/01\/Tarnavva_Primero_14kW_01-1.jpg\" data-rel=\"lightbox-gallery-vXHa53YF\" data-rl_title=\"\" data-rl_caption=\"\" title=\"\"><img loading=\"lazy\" class=\"alignnone size-full wp-image-146\" style=\"margin: 8px 8px -8px;\" src=\"http:\/\/tarnavva.nazwa.pl\/tarnavva\/wp-content\/uploads\/2017\/01\/zoba_m.jpg\" alt=\"zob\" width=\"30\" height=\"28\" \/>parametr<\/a><\/p>\n<p>&nbsp;<\/p>\n<table border=\"0\" rules=\"rows\" cellspacing=\"0\" cellpadding=\"3\" align=\"center\">\n<tbody>\n<tr>\n<td><strong>menovit\u00fd tepeln\u00fd v\u00fdkon<\/strong><\/td>\n<td>9,5 kW<\/td>\n<\/tr>\n<tr>\n<td><strong>nepretr\u017eit\u00e9 horenie pri menovitom tepelnom v\u00fdkone<\/strong><\/td>\n<td>2h<\/td>\n<\/tr>\n<tr>\n<td><strong>trvanlivos\u0165 horenia pri redukovanom v\u00fdkone<\/strong><\/td>\n<td>10h<\/td>\n<\/tr>\n<tr>\n<td><strong>jednorazov\u00e9 nalo\u017eenie paliva<\/strong><\/td>\n<td>ok. 8kg<\/td>\n<\/tr>\n<tr>\n<td><strong>tepeln\u00e1 \u00fa\u010dinnos\u0165<\/strong><\/td>\n<td>64,2%<\/td>\n<\/tr>\n<tr>\n<td><strong>emisia CO (13%02)<\/strong><\/td>\n<td>0,4%<\/td>\n<\/tr>\n<tr>\n<td><strong>pr\u00fad spal\u00edn<\/strong><\/td>\n<td>10,4g\/s<\/td>\n<\/tr>\n<tr>\n<td><strong>odstup horiacich \u010dast\u00ed od skla<\/strong><\/td>\n<td>1,5m<\/td>\n<\/tr>\n<tr>\n<td><strong>hmotnos\u0165<\/strong><\/td>\n<td>161kg<\/td>\n<\/tr>\n<tr>\n<td><strong>po\u017eadovan\u00fd kom\u00ednov\u00fd \u0165ah pri minim\u00e1lnom v\u00fdkone<\/strong><\/td>\n<td>12 Pa<\/td>\n<\/tr>\n<tr>\n<td><strong>teplota spal\u00edn pri menovitom v\u00fdkone<\/strong><\/td>\n<td>440\u00b0C<\/td>\n<\/tr>\n<tr>\n<td><strong>rozmery<\/strong><\/td>\n<td>483mm;<br \/>\n520mm;<br \/>\n621mm;<br \/>\n468mm<\/td>\n<\/tr>\n<tr>\n<td><strong>vy\u017eaduje diera alebo v\u00fdklenku v oblasti b\u00fdvania, pec mus\u00ed by\u0165 stavan\u00e9:<\/strong><\/td>\n<td>920mm<br \/>\n615mm<br \/>\n2000mm<\/td>\n<\/tr>\n<tr>\n<td><strong>priemer odvodu spal\u00edn<\/strong><\/td>\n<td>\u00f8w150mm \/ \u00f8z160mm<\/td>\n<\/tr>\n<tr>\n<td><strong>po\u017eadovan\u00fd \u0165ah pri zredukovanom v\u00fdkone<\/strong><\/td>\n<td>6 Pa<\/td>\n<\/tr>\n<tr>\n<td><strong>palivo<\/strong><\/td>\n<td>listnat\u00e9 drevo<\/td>\n<\/tr>\n<tr>\n<td><strong>rozmery polien:<\/strong><\/td>\n<td>dl. 330mm<\/td>\n<\/tr>\n<\/tbody>\n<\/table>\n<p>&nbsp;<\/p>\n<hr class=\"red-hr\" \/>\n<p>&nbsp;<\/p>\n<h3 id=\"unica\" class=\"red-header-2\">UNICA<\/h3>\n<p><img loading=\"lazy\" width=\"601\" height=\"419\" class=\"alignnone size-full wp-image-144\" style=\"display: inline-block; width: 68%;\" src=\"http:\/\/tarnavva.nazwa.pl\/tarnavva\/wp-content\/uploads\/2017\/01\/Tarnavva_Unica_14kW_01.jpg\" alt=\"unica\" \/><img loading=\"lazy\" width=\"150\" height=\"98\" class=\"alignnone size-full wp-image-145\" style=\"width: 23%;\" src=\"http:\/\/tarnavva.nazwa.pl\/tarnavva\/wp-content\/uploads\/2017\/01\/gw.jpg\" alt=\"gwar\" \/><\/p>\n<p><a style=\"text-align: left;\" href=\"http:\/\/tarnavva.nazwa.pl\/tarnavva\/wp-content\/uploads\/2017\/01\/Tarnavva_Unica_14kW_01.jpg\" data-rel=\"lightbox-gallery-vXHa53YF\" data-rl_title=\"\" data-rl_caption=\"\" title=\"\"><img loading=\"lazy\" class=\"alignnone size-full wp-image-146\" style=\"margin: 8px 8px -8px;\" src=\"http:\/\/tarnavva.nazwa.pl\/tarnavva\/wp-content\/uploads\/2017\/01\/zoba_m.jpg\" alt=\"zob\" width=\"30\" height=\"28\" \/>parametr<\/a><\/p>\n<p>&nbsp;<\/p>\n<table border=\"0\" rules=\"rows\" cellspacing=\"0\" cellpadding=\"3\" align=\"center\">\n<tbody>\n<tr>\n<td><strong>menovit\u00fd tepeln\u00fd v\u00fdkon<\/strong><\/td>\n<td>9,5 kW<\/td>\n<\/tr>\n<tr>\n<td><strong>nepretr\u017eit\u00e9 horenie pri menovitom tepelnom v\u00fdkone<\/strong><\/td>\n<td>2h<\/td>\n<\/tr>\n<tr>\n<td><strong>trvanlivos\u0165 horenia pri redukovanom v\u00fdkone<\/strong><\/td>\n<td>10h<\/td>\n<\/tr>\n<tr>\n<td><strong>jednorazov\u00e9 nalo\u017eenie paliva<\/strong><\/td>\n<td>ok. 8kg<\/td>\n<\/tr>\n<tr>\n<td><strong>tepeln\u00e1 \u00fa\u010dinnos\u0165<\/strong><\/td>\n<td>64,2%<\/td>\n<\/tr>\n<tr>\n<td><strong>emisia CO (13%02)<\/strong><\/td>\n<td>0,4%<\/td>\n<\/tr>\n<tr>\n<td><strong>pr\u00fad spal\u00edn<\/strong><\/td>\n<td>10,4g\/s<\/td>\n<\/tr>\n<tr>\n<td><strong>odstup horiacich \u010dast\u00ed od skla<\/strong><\/td>\n<td>1,5m<\/td>\n<\/tr>\n<tr>\n<td><strong>hmotnos\u0165<\/strong><\/td>\n<td>161kg<\/td>\n<\/tr>\n<tr>\n<td><strong>po\u017eadovan\u00fd kom\u00ednov\u00fd \u0165ah pri minim\u00e1lnom v\u00fdkone<\/strong><\/td>\n<td>12 Pa<\/td>\n<\/tr>\n<tr>\n<td><strong>teplota spal\u00edn pri menovitom v\u00fdkone<\/strong><\/td>\n<td>440\u00b0C<\/td>\n<\/tr>\n<tr>\n<td><strong>rozmery<\/strong><\/td>\n<td>483mm;<br \/>\n520mm;<br \/>\n621mm;<br \/>\n468mm<\/td>\n<\/tr>\n<tr>\n<td><strong>vy\u017eaduje diera alebo v\u00fdklenku v oblasti b\u00fdvania, pec mus\u00ed by\u0165 stavan\u00e9:<\/strong><\/td>\n<td>920mm<br \/>\n615mm<br \/>\n2000mm<\/td>\n<\/tr>\n<tr>\n<td><strong>priemer odvodu spal\u00edn<\/strong><\/td>\n<td>\u00f8w150mm \/ \u00f8z160mm<\/td>\n<\/tr>\n<tr>\n<td><strong>po\u017eadovan\u00fd \u0165ah pri zredukovanom v\u00fdkone<\/strong><\/td>\n<td>6 Pa<\/td>\n<\/tr>\n<tr>\n<td><strong>palivo<\/strong><\/td>\n<td>listnat\u00e9 drevo<\/td>\n<\/tr>\n<tr>\n<td><strong>rozmery polien:<\/strong><\/td>\n<td>dl. 330mm<\/td>\n<\/tr>\n<\/tbody>\n<\/table>\n<hr class=\"red-hr\" \/>\n<p>&nbsp;<\/p>\n<h3 id=\"retro\" class=\"red-header-2\">RETRO<\/h3>\n<p><img loading=\"lazy\" width=\"601\" height=\"419\" class=\"alignnone size-full wp-image-144\" style=\"display: inline-block; width: 68%;\" src=\"http:\/\/tarnavva.nazwa.pl\/tarnavva\/wp-content\/uploads\/2017\/01\/retro1.jpg\" alt=\"unica\" \/><img loading=\"lazy\" width=\"150\" height=\"98\" class=\"alignnone size-full wp-image-145\" style=\"width: 23%;\" src=\"http:\/\/tarnavva.nazwa.pl\/tarnavva\/wp-content\/uploads\/2017\/01\/gw.jpg\" alt=\"gwar\" \/><\/p>\n<p><a style=\"text-align: left;\" href=\"http:\/\/tarnavva.nazwa.pl\/tarnavva\/wp-content\/uploads\/2017\/01\/retro1.jpg\" data-rel=\"lightbox-gallery-vXHa53YF\" data-rl_title=\"\" data-rl_caption=\"\" title=\"\"><img loading=\"lazy\" class=\"alignnone size-full wp-image-146\" style=\"margin: 8px 8px -8px;\" src=\"http:\/\/tarnavva.nazwa.pl\/tarnavva\/wp-content\/uploads\/2017\/01\/zoba_m.jpg\" alt=\"zob\" width=\"30\" height=\"28\" \/>parametr<\/a><\/p>\n<p>&nbsp;<\/p>\n<table border=\"0\" rules=\"rows\" cellspacing=\"0\" cellpadding=\"3\" align=\"center\">\n<tbody>\n<tr>\n<td><strong>menovit\u00fd tepeln\u00fd v\u00fdkon<\/strong><\/td>\n<td>9,5 kW<\/td>\n<\/tr>\n<tr>\n<td><strong>nepretr\u017eit\u00e9 horenie pri menovitom tepelnom v\u00fdkone<\/strong><\/td>\n<td>2h<\/td>\n<\/tr>\n<tr>\n<td><strong>trvanlivos\u0165 horenia pri redukovanom v\u00fdkone<\/strong><\/td>\n<td>10h<\/td>\n<\/tr>\n<tr>\n<td><strong>jednorazov\u00e9 nalo\u017eenie paliva<\/strong><\/td>\n<td>ok. 8kg<\/td>\n<\/tr>\n<tr>\n<td><strong>tepeln\u00e1 \u00fa\u010dinnos\u0165<\/strong><\/td>\n<td>64,2%<\/td>\n<\/tr>\n<tr>\n<td><strong>emisia CO (13%02)<\/strong><\/td>\n<td>0,4%<\/td>\n<\/tr>\n<tr>\n<td><strong>pr\u00fad spal\u00edn<\/strong><\/td>\n<td>10,4g\/s<\/td>\n<\/tr>\n<tr>\n<td><strong>odstup horiacich \u010dast\u00ed od skla<\/strong><\/td>\n<td>1,5m<\/td>\n<\/tr>\n<tr>\n<td><strong>hmotnos\u0165<\/strong><\/td>\n<td>161kg<\/td>\n<\/tr>\n<tr>\n<td><strong>po\u017eadovan\u00fd kom\u00ednov\u00fd \u0165ah pri minim\u00e1lnom v\u00fdkone<\/strong><\/td>\n<td>12 Pa<\/td>\n<\/tr>\n<tr>\n<td><strong>teplota spal\u00edn pri menovitom v\u00fdkone<\/strong><\/td>\n<td>440\u00b0C<\/td>\n<\/tr>\n<tr>\n<td><strong>rozmery<\/strong><\/td>\n<td>483mm;<br \/>\n520mm;<br \/>\n621mm;<br \/>\n468mm<\/td>\n<\/tr>\n<tr>\n<td><strong>vy\u017eaduje diera alebo v\u00fdklenku v oblasti b\u00fdvania, pec mus\u00ed by\u0165 stavan\u00e9:<\/strong><\/td>\n<td>920mm<br \/>\n615mm<br \/>\n2000mm<\/td>\n<\/tr>\n<tr>\n<td><strong>priemer odvodu spal\u00edn<\/strong><\/td>\n<td>\u00f8w150mm \/ \u00f8z160mm<\/td>\n<\/tr>\n<tr>\n<td><strong>po\u017eadovan\u00fd \u0165ah pri zredukovanom v\u00fdkone<\/strong><\/td>\n<td>6 Pa<\/td>\n<\/tr>\n<tr>\n<td><strong>palivo<\/strong><\/td>\n<td>listnat\u00e9 drevo<\/td>\n<\/tr>\n<tr>\n<td><strong>rozmery polien:<\/strong><\/td>\n<td>dl. 330mm<\/td>\n<\/tr>\n<\/tbody>\n<\/table>\n<hr class=\"red-hr\" \/>\n<p>&nbsp;<\/p>\n<ul class=\"inline-page-menu\">\n<li><a href=\"#primero\">PRIMERO<\/a><\/li>\n<li><a href=\"#retro\">RETRO<\/a><\/li>\n<li><a href=\"#unica\">UNICA<\/a><\/li>\n<\/ul>\n<p><\/p>","protected":false},"excerpt":{"rendered":"<p>PRIMERO RETRO UNICA PRIMERO parametr &nbsp; menovit\u00fd tepeln\u00fd v\u00fdkon 9,5 kW nepretr\u017eit\u00e9 horenie pri menovitom tepelnom v\u00fdkone 2h trvanlivos\u0165 horenia pri redukovanom v\u00fdkone 10h jednorazov\u00e9 nalo\u017eenie paliva ok. 8kg tepeln\u00e1 \u00fa\u010dinnos\u0165 64,2% emisia CO (13%02) 0,4% pr\u00fad spal\u00edn 10,4g\/s odstup horiacich \u010dast\u00ed od skla 1,5m hmotnos\u0165 161kg po\u017eadovan\u00fd kom\u00ednov\u00fd \u0165ah pri minim\u00e1lnom v\u00fdkone 12 Pa [&hellip;]<\/p>\n","protected":false},"author":1,"featured_media":0,"parent":130,"menu_order":1,"comment_status":"closed","ping_status":"closed","template":"","meta":[],"_links":{"self":[{"href":"http:\/\/monolity.pl\/sk\/wp-json\/wp\/v2\/pages\/385"}],"collection":[{"href":"http:\/\/monolity.pl\/sk\/wp-json\/wp\/v2\/pages"}],"about":[{"href":"http:\/\/monolity.pl\/sk\/wp-json\/wp\/v2\/types\/page"}],"author":[{"embeddable":true,"href":"http:\/\/monolity.pl\/sk\/wp-json\/wp\/v2\/users\/1"}],"replies":[{"embeddable":true,"href":"http:\/\/monolity.pl\/sk\/wp-json\/wp\/v2\/comments?post=385"}],"version-history":[{"count":21,"href":"http:\/\/monolity.pl\/sk\/wp-json\/wp\/v2\/pages\/385\/revisions"}],"predecessor-version":[{"id":1087,"href":"http:\/\/monolity.pl\/sk\/wp-json\/wp\/v2\/pages\/385\/revisions\/1087"}],"up":[{"embeddable":true,"href":"http:\/\/monolity.pl\/sk\/wp-json\/wp\/v2\/pages\/130"}],"wp:attachment":[{"href":"http:\/\/monolity.pl\/sk\/wp-json\/wp\/v2\/media?parent=385"}],"curies":[{"name":"wp","href":"https:\/\/api.w.org\/{rel}","templated":true}]}}