{"id":42,"date":"2017-01-02T18:39:17","date_gmt":"2017-01-02T17:39:17","guid":{"rendered":"http:\/\/tarnavva.nazwa.pl\/tarnavva\/?page_id=42"},"modified":"2017-02-17T15:02:14","modified_gmt":"2017-02-17T14:02:14","slug":"produkty","status":"publish","type":"page","link":"http:\/\/monolity.pl\/sk\/produkty\/","title":{"rendered":"Hmotnos\u0165 vlo\u017eiek"},"content":{"rendered":"<p>Hmotnos\u0165 vlo\u017eiek, ktor\u00e9 vyr\u00e1bame sa nach\u00e1dza v\u00a0rozmedz\u00ed 120 a\u017e 278 kg, zatia\u013e \u010do hr\u00fabka stien korpusu je 8 \u2013 22 mm.<\/p>\n<p>K\u00farenisko je celoliatym odliatkom, dvierka a\u00a0ro\u0161t popoln\u00edka s\u00fa pripasovan\u00e9 ku korpusu br\u00fasen\u00edm, \u010do n\u00e1m umo\u017e\u0148uje z\u00edska\u0165 absol\u00fatnu tesnos\u0165.<\/p>\n<p><img loading=\"lazy\" class=\"alignright size-full wp-image-43\" src=\"http:\/\/tarnavva.nazwa.pl\/tarnavva\/wp-content\/uploads\/2017\/01\/16KW-PRIMERO-2.jpg\" alt=\"\" width=\"167\" height=\"160\" \/><\/p>\n<p>&nbsp;<\/p>\n<ul>\n<ul>\n<li>Zvisl\u00e9 bo\u010dn\u00e9 kan\u00e1ly priv\u00e1dzaj\u00face vzduch do spa\u013eovacej komory v\u00a0na\u0161ich vlo\u017ek\u00e1ch s\u00fa zatvoren\u00e9 zo strany skla dvierok, v\u010faka \u010domu je vzduch priv\u00e1dzan\u00fd zhora a\u00a0prakticky vytv\u00e1ra clonu ovievaj\u00fac\u00a0 sklo dvierok ponech\u00e1vaj\u00fac ich \u010dist\u00e9.<\/li>\n<\/ul>\n<\/ul>\n<hr style=\"clear: both;\" \/>\n<p><img loading=\"lazy\" class=\"alignright size-full wp-image-44\" src=\"http:\/\/tarnavva.nazwa.pl\/tarnavva\/wp-content\/uploads\/2017\/01\/malowana_szyba.jpg\" alt=\"\" width=\"167\" height=\"116\" \/><\/p>\n<p>&nbsp;<\/p>\n<ul>\n<ul>\n<li>To umo\u017e\u0148uje v\u00e4\u010d\u0161ie odovzd\u00e1vanie tepla do miestnosti, v\u00a0ktorej sa nach\u00e1dza krb a\u00a0taktie\u017e umo\u017e\u0148uje pozorovanie horiacich polien dreva.<br \/>\nSklo namontovan\u00e9 v\u00a0dvierkach je \u017eiaruvzdorn\u00e9, s\u00a0tepelnou odolnos\u0165ou 800\u00b0 C. Mocn\u00e9 zatvorenie dvierok pomocou z\u00e1str\u010dky v\u00a0typoch Flat a\u00a0v\u00a0typoch Unica, Primero a\u00a0Round\u00a0 pru\u017einov\u00e9ho automaticky zatv\u00e1raj\u00faceho z\u00e1mka &#8211; z\u00e1str\u010dky, zaru\u010duje bezchybn\u00e9 a\u00a0bezpe\u010dn\u00e9 zatvorenie spa\u013eovacej komory.<\/li>\n<\/ul>\n<\/ul>\n<hr style=\"clear: both;\" \/>\n<p><img loading=\"lazy\" class=\"alignright size-full wp-image-45\" src=\"http:\/\/tarnavva.nazwa.pl\/tarnavva\/wp-content\/uploads\/2017\/01\/16KW-PZPPOS-2.jpg\" alt=\"\" width=\"167\" height=\"116\" \/><\/p>\n<p>&nbsp;<\/p>\n<ul>\n<ul>\n<li>Mas\u00edvna kon\u0161trukcia a\u00a0ve\u013emi ve\u013ek\u00fd po\u010det zvisl\u00fdch rebier, d\u00e1vaj\u00fa vlo\u017eke ve\u013ek\u00fa stabilitu. Zvisl\u00e9 vn\u00fatorn\u00e9 rebr\u00e1 vytv\u00e1raj\u00fa ve\u013ek\u00fd povrch tepelnej v\u00fdmeny. Dve k\u013euky nach\u00e1dzaj\u00face sa v\u00a0dolnej, pravej i\u00a0\u013eavej \u010delnej \u010dasti krbu, sl\u00fa\u017eia k\u00a0regul\u00e1cii pr\u00edvodu vzduchu do spa\u013eovacej komory (sekund\u00e1rne spa\u013eovanie)<\/li>\n<\/ul>\n<\/ul>\n<hr style=\"clear: both;\" \/>\n<p><img loading=\"lazy\" class=\"alignright size-full wp-image-46\" src=\"http:\/\/tarnavva.nazwa.pl\/tarnavva\/wp-content\/uploads\/2017\/01\/PRIMERO-2.jpg\" alt=\"\" width=\"167\" height=\"116\" \/><\/p>\n<p>&nbsp;<\/p>\n<ul>\n<ul>\n<li>V\u00a0modeloch Fiat, Telio, Retro a Round jedna men\u0161ia k\u013euka umiesten\u00e1\u00a0 v\u00a0centr\u00e1lnej \u010dasti dvierok popoln\u00edka sl\u00fa\u017ei k\u00a0regul\u00e1cii pr\u00edvodu vzduchu do popoln\u00edka (prim\u00e1rne spa\u013eovanie) a\u00a0dve ost\u00e1vaj\u00face k\u00a0zabezpe\u010deniu tesnosti \u010dela popoln\u00edka. V\u00a0modeloch Primero funkcie regul\u00e1cie pr\u00edvodu vzduchu do prim\u00e1rneho spa\u013eovania zabezpe\u010duj\u00fa obd\u013a\u017enikov\u00e9 otvory priv\u00e1dzaj\u00face vzduch z\u00a0pravej strany dvierok popoln\u00edka, ktor\u00e9 s\u00fa vybaven\u00e9 mechanizmom, ktor\u00fd zatv\u00e1ra z\u00e1suvku. Tento mechanizmus automaticky blokuje spr\u00e1vne uzatvoren\u00fd popoln\u00edk, \u010d\u00edm zabezpe\u010duje jeho tesnos\u0165, \u010do n\u00e1m umo\u017enilo rezignova\u0165 z\u00a0bo\u010dn\u00fdch k\u013e\u00fak z\u00e1suvky.<\/li>\n<\/ul>\n<\/ul>\n<hr style=\"clear: both;\" \/>\n<p><img loading=\"lazy\" class=\"alignright size-full wp-image-47\" src=\"http:\/\/tarnavva.nazwa.pl\/tarnavva\/wp-content\/uploads\/2017\/01\/szuflada_popielnika_1.jpg\" alt=\"\" width=\"167\" height=\"116\" \/><\/p>\n<ul>\n<ul>\n<li>V\u00a0modeloch Fiat, Telio, Retro a Round jedna men\u0161ia k\u013euka umiesten\u00e1\u00a0 v\u00a0centr\u00e1lnej \u010dasti dvierok popoln\u00edka sl\u00fa\u017ei k\u00a0regul\u00e1cii pr\u00edvodu vzduchu do popoln\u00edka (prim\u00e1rne spa\u013eovanie) a\u00a0dve ost\u00e1vaj\u00face k\u00a0zabezpe\u010deniu tesnosti \u010dela popoln\u00edka. V\u00a0modeloch Primero funkcie regul\u00e1cie pr\u00edvodu vzduchu do prim\u00e1rneho spa\u013eovania zabezpe\u010duj\u00fa obd\u013a\u017enikov\u00e9 otvory priv\u00e1dzaj\u00face vzduch z\u00a0pravej strany dvierok popoln\u00edka, ktor\u00e9 s\u00fa vybaven\u00e9 mechanizmom, ktor\u00fd zatv\u00e1ra z\u00e1suvku. Tento mechanizmus automaticky blokuje spr\u00e1vne uzatvoren\u00fd popoln\u00edk, \u010d\u00edm zabezpe\u010duje jeho tesnos\u0165, \u010do n\u00e1m umo\u017enilo rezignova\u0165 z\u00a0bo\u010dn\u00fdch k\u013e\u00fak z\u00e1suvky.<\/li>\n<\/ul>\n<\/ul>\n<hr style=\"clear: both;\" \/>\n<p><img loading=\"lazy\" class=\"alignright size-full wp-image-48\" src=\"http:\/\/tarnavva.nazwa.pl\/tarnavva\/wp-content\/uploads\/2017\/01\/16KW-PZPOSR-1.jpg\" alt=\"\" width=\"167\" height=\"116\" \/><\/p>\n<ul>\n<ul>\n<li>Vo vn\u00fatri korpusu, v\u00a0dolnej \u010dasti topeniska je umiesten\u00fd ro\u0161t s\u00a0otvormi, pod ktor\u00fdm sa nach\u00e1dza z\u00e1suvka popoln\u00edka, zatia\u013e \u010do v\u00a0prednej \u010dasti je vhodn\u00fdm sp\u00f4sobom tvarovan\u00fd pl\u00f4tik zabezpe\u010duj\u00faci pred vys\u00fdpan\u00edm sa \u017eerav\u00fdch uhl\u00edkov.<\/li>\n<\/ul>\n<\/ul>\n<hr style=\"clear: both;\" \/>\n<p><img loading=\"lazy\" class=\"alignright size-full wp-image-49\" src=\"http:\/\/tarnavva.nazwa.pl\/tarnavva\/wp-content\/uploads\/2017\/01\/18KW-PRIMERO-PLUS-1.jpg\" alt=\"\" width=\"167\" height=\"116\" \/><\/p>\n<ul>\n<ul>\n<li>V\u00a0hornej \u010dasti komory je umiesten\u00fd profilovan\u00fd deflektor, ktor\u00fd pln\u00ed \u00falohu priehradky medzi\u00a0 dolnou a\u00a0hornou \u010das\u0165ou krbu, pod ktor\u00fdm sa hromadia plyny, vytv\u00e1ran\u00e9 horiacim drevom a\u00a0nasleduje jav dodato\u010dn\u00e9ho spa\u013eovania drevn\u00e9ho<\/li>\n<\/ul>\n<\/ul>\n<hr style=\"clear: both;\" \/>\n<p><img loading=\"lazy\" class=\"aligncenter size-full wp-image-56\" src=\"http:\/\/tarnavva.nazwa.pl\/tarnavva\/wp-content\/uploads\/2017\/01\/Mapa-bitowa-w-05.jpg\" alt=\"\" width=\"500\" height=\"388\" srcset=\"http:\/\/monolity.pl\/wp-content\/uploads\/2017\/01\/Mapa-bitowa-w-05.jpg 500w, http:\/\/monolity.pl\/wp-content\/uploads\/2017\/01\/Mapa-bitowa-w-05-300x233.jpg 300w\" sizes=\"(max-width: 500px) 100vw, 500px\" \/><\/p>","protected":false},"excerpt":{"rendered":"<p>Hmotnos\u0165 vlo\u017eiek, ktor\u00e9 vyr\u00e1bame sa nach\u00e1dza v\u00a0rozmedz\u00ed 120 a\u017e 278 kg, zatia\u013e \u010do hr\u00fabka stien korpusu je 8 \u2013 22 mm. K\u00farenisko je celoliatym odliatkom, dvierka a\u00a0ro\u0161t popoln\u00edka s\u00fa pripasovan\u00e9 ku korpusu br\u00fasen\u00edm, \u010do n\u00e1m umo\u017e\u0148uje z\u00edska\u0165 absol\u00fatnu tesnos\u0165. &nbsp; Zvisl\u00e9 bo\u010dn\u00e9 kan\u00e1ly priv\u00e1dzaj\u00face vzduch do spa\u013eovacej komory v\u00a0na\u0161ich vlo\u017ek\u00e1ch s\u00fa zatvoren\u00e9 zo strany skla [&hellip;]<\/p>\n","protected":false},"author":1,"featured_media":0,"parent":0,"menu_order":0,"comment_status":"closed","ping_status":"closed","template":"","meta":[],"_links":{"self":[{"href":"http:\/\/monolity.pl\/sk\/wp-json\/wp\/v2\/pages\/42"}],"collection":[{"href":"http:\/\/monolity.pl\/sk\/wp-json\/wp\/v2\/pages"}],"about":[{"href":"http:\/\/monolity.pl\/sk\/wp-json\/wp\/v2\/types\/page"}],"author":[{"embeddable":true,"href":"http:\/\/monolity.pl\/sk\/wp-json\/wp\/v2\/users\/1"}],"replies":[{"embeddable":true,"href":"http:\/\/monolity.pl\/sk\/wp-json\/wp\/v2\/comments?post=42"}],"version-history":[{"count":42,"href":"http:\/\/monolity.pl\/sk\/wp-json\/wp\/v2\/pages\/42\/revisions"}],"predecessor-version":[{"id":1134,"href":"http:\/\/monolity.pl\/sk\/wp-json\/wp\/v2\/pages\/42\/revisions\/1134"}],"wp:attachment":[{"href":"http:\/\/monolity.pl\/sk\/wp-json\/wp\/v2\/media?parent=42"}],"curies":[{"name":"wp","href":"https:\/\/api.w.org\/{rel}","templated":true}]}}