{"id":345,"date":"2017-01-15T13:20:44","date_gmt":"2017-01-15T12:20:44","guid":{"rendered":"http:\/\/tarnavva.nazwa.pl\/tarnavva\/?page_id=345"},"modified":"2017-03-07T15:14:07","modified_gmt":"2017-03-07T14:14:07","slug":"uwagi-producenta","status":"publish","type":"page","link":"http:\/\/monolity.pl\/ua\/produkty\/montaz\/uwagi-producenta\/","title":{"rendered":"Uwagi producenta"},"content":{"rendered":"<p>ZABRANIA si\u0119 niedozwolonych przer\u00f3bek kominka.<\/p>\n<p>ZOBOWI\u0104ZUJE si\u0119 U\u017cytkownik\u00f3w do stosowania wy\u0142\u0105cznie cz\u0119\u015bci zamiennych producenta.<\/p>\n<p>INFORMUJE si\u0119 o konieczno\u015bci regularnych kontroli dokonywanych przez specjalist\u0119.<\/p>\n<p>W CZASIE EKSPLOATACJI powierzchnie kominka s\u0105 gor\u0105ce i ich bezpo\u015brednie dotykanie grozi poparzeniem.<\/p>\n<p>WSZYSTKIE usterki w okresie gwarancyjnym b\u0105d\u017a po gwarancyjnym powinny by\u0107 usuwane przez producenta b\u0105d\u017a przez jego autoryzowanego przedstawiciela.<\/p>\n<p>UWAGA !!! PODCZAS PO\u017bARU KOMINA NALE\u017bY POKR\u0118T\u0141AMI ZAMKN\u0104\u0106 DOP\u0141YW POWIETRZA I WEZWA\u0106 STRA\u017b PO\u017bARN\u0104. ZABRANIA SI\u0118 OTWIERANIA WYCZYSTNYCH DRZWICZEK KOMINOWYCH, DRZWICZEK KOMINKOWYCH I SZUFLADY POPIELNIKA ZABRANIA SI\u0118 R\u00d3WNIE\u017b POLEWANIA I ZALEWANIA WOD\u0104 GOR\u0104CEJ KASETY, PONIEWA\u017b MO\u017bE TO SPOWODOWA\u0106 P\u0118KNI\u0118CIE KASETY I SZYBY.<\/p>\n<p><em>Materia\u0142y obj\u0119te prawem autorskim! Publikacja w cz\u0119\u015bci lub w ca\u0142o\u015bci wy\u0142\u0105cznie za zgod\u0105 autora.<\/em><\/p>\n<p><a href=\"http:\/\/tarnavva.nazwa.pl\/tarnavva\/wp-content\/uploads\/2017\/01\/12.jpg\" data-rel=\"lightbox-gallery-UbGrweLq\" data-rl_title=\"\" data-rl_caption=\"\" title=\"\"><img loading=\"lazy\" class=\"alignnone size-full wp-image-346\" src=\"http:\/\/tarnavva.nazwa.pl\/tarnavva\/wp-content\/uploads\/2017\/01\/12.jpg\" alt=\"\" width=\"800\" height=\"407\" srcset=\"http:\/\/monolity.pl\/wp-content\/uploads\/2017\/01\/12.jpg 800w, http:\/\/monolity.pl\/wp-content\/uploads\/2017\/01\/12-300x153.jpg 300w, http:\/\/monolity.pl\/wp-content\/uploads\/2017\/01\/12-768x391.jpg 768w\" sizes=\"(max-width: 800px) 100vw, 800px\" \/><\/a><\/p>\n<p>&nbsp;<\/p>","protected":false},"excerpt":{"rendered":"<p>ZABRANIA si\u0119 niedozwolonych przer\u00f3bek kominka. ZOBOWI\u0104ZUJE si\u0119 U\u017cytkownik\u00f3w do stosowania wy\u0142\u0105cznie cz\u0119\u015bci zamiennych producenta. INFORMUJE si\u0119 o konieczno\u015bci regularnych kontroli dokonywanych przez specjalist\u0119. W CZASIE EKSPLOATACJI powierzchnie kominka s\u0105 gor\u0105ce i ich bezpo\u015brednie dotykanie grozi poparzeniem. WSZYSTKIE usterki w okresie gwarancyjnym b\u0105d\u017a po gwarancyjnym powinny by\u0107 usuwane przez producenta b\u0105d\u017a przez jego autoryzowanego przedstawiciela. UWAGA [&hellip;]<\/p>\n","protected":false},"author":1,"featured_media":0,"parent":297,"menu_order":2,"comment_status":"closed","ping_status":"closed","template":"","meta":[],"_links":{"self":[{"href":"http:\/\/monolity.pl\/ua\/wp-json\/wp\/v2\/pages\/345"}],"collection":[{"href":"http:\/\/monolity.pl\/ua\/wp-json\/wp\/v2\/pages"}],"about":[{"href":"http:\/\/monolity.pl\/ua\/wp-json\/wp\/v2\/types\/page"}],"author":[{"embeddable":true,"href":"http:\/\/monolity.pl\/ua\/wp-json\/wp\/v2\/users\/1"}],"replies":[{"embeddable":true,"href":"http:\/\/monolity.pl\/ua\/wp-json\/wp\/v2\/comments?post=345"}],"version-history":[{"count":8,"href":"http:\/\/monolity.pl\/ua\/wp-json\/wp\/v2\/pages\/345\/revisions"}],"predecessor-version":[{"id":1037,"href":"http:\/\/monolity.pl\/ua\/wp-json\/wp\/v2\/pages\/345\/revisions\/1037"}],"up":[{"embeddable":true,"href":"http:\/\/monolity.pl\/ua\/wp-json\/wp\/v2\/pages\/297"}],"wp:attachment":[{"href":"http:\/\/monolity.pl\/ua\/wp-json\/wp\/v2\/media?parent=345"}],"curies":[{"name":"wp","href":"https:\/\/api.w.org\/{rel}","templated":true}]}}